{"id":23,"date":"2016-02-22T20:54:32","date_gmt":"2016-02-22T20:54:32","guid":{"rendered":"https:\/\/ioib.es\/?page_id=23"},"modified":"2022-04-28T15:39:26","modified_gmt":"2022-04-28T15:39:26","slug":"contacto","status":"publish","type":"page","link":"https:\/\/ioib.es\/ca\/contacto\/","title":{"rendered":"Contacto"},"content":{"rendered":"\n<\/p>\n","protected":false},"excerpt":{"rendered":"","protected":false},"author":2,"featured_media":0,"parent":0,"menu_order":2,"comment_status":"closed","ping_status":"closed","template":"","meta":{"footnotes":""},"class_list":["post-23","page","type-page","status-publish","hentry"],"yoast_head":"<!-- This site is optimized with the Yoast SEO plugin v25.5 - https:\/\/yoast.com\/wordpress\/plugins\/seo\/ -->\n<title>Contacta con IOIB<\/title>\n<meta name=\"description\" content=\"Conoce la ubicaci\u00f3n de nuestra cl\u00ednica en Barcelona y pide cita aqu\u00ed. \u00a1Te esperamos!\" \/>\n<meta name=\"robots\" content=\"index, follow, max-snippet:-1, max-image-preview:large, max-video-preview:-1\" \/>\n<link rel=\"canonical\" href=\"https:\/\/ioib.es\/es\/contacto\/\" \/>\n<meta property=\"og:locale\" content=\"ca_ES\" \/>\n<meta property=\"og:type\" content=\"article\" \/>\n<meta property=\"og:title\" content=\"Contacta con IOIB\" \/>\n<meta property=\"og:description\" content=\"Conoce la ubicaci\u00f3n de nuestra cl\u00ednica en Barcelona y pide cita aqu\u00ed. \u00a1Te esperamos!\" \/>\n<meta property=\"og:url\" content=\"https:\/\/ioib.es\/es\/contacto\/\" \/>\n<meta property=\"og:site_name\" content=\"Instituto Odontolog\u00eda Integra Barcelona\" \/>\n<meta property=\"article:modified_time\" content=\"2022-04-28T15:39:26+00:00\" \/>\n<meta name=\"twitter:card\" content=\"summary_large_image\" \/>\n<meta name=\"twitter:label1\" content=\"Temps estimat de lectura\" \/>\n\t<meta name=\"twitter:data1\" content=\"2 minuts\" \/>\n<script type=\"application\/ld+json\" class=\"yoast-schema-graph\">{\"@context\":\"https:\/\/schema.org\",\"@graph\":[{\"@type\":\"WebPage\",\"@id\":\"https:\/\/ioib.es\/es\/contacto\/\",\"url\":\"https:\/\/ioib.es\/es\/contacto\/\",\"name\":\"Contacta con IOIB\",\"isPartOf\":{\"@id\":\"https:\/\/ioib.es\/es\/#website\"},\"datePublished\":\"2016-02-22T20:54:32+00:00\",\"dateModified\":\"2022-04-28T15:39:26+00:00\",\"description\":\"Conoce la ubicaci\u00f3n de nuestra cl\u00ednica en Barcelona y pide cita aqu\u00ed. \u00a1Te esperamos!\",\"breadcrumb\":{\"@id\":\"https:\/\/ioib.es\/es\/contacto\/#breadcrumb\"},\"inLanguage\":\"ca\",\"potentialAction\":[{\"@type\":\"ReadAction\",\"target\":[\"https:\/\/ioib.es\/es\/contacto\/\"]}]},{\"@type\":\"BreadcrumbList\",\"@id\":\"https:\/\/ioib.es\/es\/contacto\/#breadcrumb\",\"itemListElement\":[{\"@type\":\"ListItem\",\"position\":1,\"name\":\"Portada\",\"item\":\"https:\/\/ioib.es\/es\/home\/\"},{\"@type\":\"ListItem\",\"position\":2,\"name\":\"Contacto\"}]},{\"@type\":\"WebSite\",\"@id\":\"https:\/\/ioib.es\/es\/#website\",\"url\":\"https:\/\/ioib.es\/es\/\",\"name\":\"Instituto Odontolog\u00eda Integra Barcelona\",\"description\":\"Otro sitio realizado con WordPress\",\"potentialAction\":[{\"@type\":\"SearchAction\",\"target\":{\"@type\":\"EntryPoint\",\"urlTemplate\":\"https:\/\/ioib.es\/es\/?s={search_term_string}\"},\"query-input\":{\"@type\":\"PropertyValueSpecification\",\"valueRequired\":true,\"valueName\":\"search_term_string\"}}],\"inLanguage\":\"ca\"}]}<\/script>\n<!-- \/ Yoast SEO plugin. -->","yoast_head_json":{"title":"Contacta con IOIB","description":"Conoce la ubicaci\u00f3n de nuestra cl\u00ednica en Barcelona y pide cita aqu\u00ed. \u00a1Te esperamos!","robots":{"index":"index","follow":"follow","max-snippet":"max-snippet:-1","max-image-preview":"max-image-preview:large","max-video-preview":"max-video-preview:-1"},"canonical":"https:\/\/ioib.es\/es\/contacto\/","og_locale":"ca_ES","og_type":"article","og_title":"Contacta con IOIB","og_description":"Conoce la ubicaci\u00f3n de nuestra cl\u00ednica en Barcelona y pide cita aqu\u00ed. \u00a1Te esperamos!","og_url":"https:\/\/ioib.es\/es\/contacto\/","og_site_name":"Instituto Odontolog\u00eda Integra Barcelona","article_modified_time":"2022-04-28T15:39:26+00:00","twitter_card":"summary_large_image","twitter_misc":{"Temps estimat de lectura":"2 minuts"},"schema":{"@context":"https:\/\/schema.org","@graph":[{"@type":"WebPage","@id":"https:\/\/ioib.es\/es\/contacto\/","url":"https:\/\/ioib.es\/es\/contacto\/","name":"Contacta con IOIB","isPartOf":{"@id":"https:\/\/ioib.es\/es\/#website"},"datePublished":"2016-02-22T20:54:32+00:00","dateModified":"2022-04-28T15:39:26+00:00","description":"Conoce la ubicaci\u00f3n de nuestra cl\u00ednica en Barcelona y pide cita aqu\u00ed. \u00a1Te esperamos!","breadcrumb":{"@id":"https:\/\/ioib.es\/es\/contacto\/#breadcrumb"},"inLanguage":"ca","potentialAction":[{"@type":"ReadAction","target":["https:\/\/ioib.es\/es\/contacto\/"]}]},{"@type":"BreadcrumbList","@id":"https:\/\/ioib.es\/es\/contacto\/#breadcrumb","itemListElement":[{"@type":"ListItem","position":1,"name":"Portada","item":"https:\/\/ioib.es\/es\/home\/"},{"@type":"ListItem","position":2,"name":"Contacto"}]},{"@type":"WebSite","@id":"https:\/\/ioib.es\/es\/#website","url":"https:\/\/ioib.es\/es\/","name":"Instituto Odontolog\u00eda Integra Barcelona","description":"Otro sitio realizado con WordPress","potentialAction":[{"@type":"SearchAction","target":{"@type":"EntryPoint","urlTemplate":"https:\/\/ioib.es\/es\/?s={search_term_string}"},"query-input":{"@type":"PropertyValueSpecification","valueRequired":true,"valueName":"search_term_string"}}],"inLanguage":"ca"}]}},"_links":{"self":[{"href":"https:\/\/ioib.es\/ca\/wp-json\/wp\/v2\/pages\/23","targetHints":{"allow":["GET"]}}],"collection":[{"href":"https:\/\/ioib.es\/ca\/wp-json\/wp\/v2\/pages"}],"about":[{"href":"https:\/\/ioib.es\/ca\/wp-json\/wp\/v2\/types\/page"}],"author":[{"embeddable":true,"href":"https:\/\/ioib.es\/ca\/wp-json\/wp\/v2\/users\/2"}],"replies":[{"embeddable":true,"href":"https:\/\/ioib.es\/ca\/wp-json\/wp\/v2\/comments?post=23"}],"version-history":[{"count":0,"href":"https:\/\/ioib.es\/ca\/wp-json\/wp\/v2\/pages\/23\/revisions"}],"wp:attachment":[{"href":"https:\/\/ioib.es\/ca\/wp-json\/wp\/v2\/media?parent=23"}],"curies":[{"name":"wp","href":"https:\/\/api.w.org\/{rel}","templated":true}]}}