{"id":473,"date":"2016-03-18T10:25:35","date_gmt":"2016-03-18T10:25:35","guid":{"rendered":"https:\/\/ioib.es\/?page_id=473"},"modified":"2016-03-18T10:25:35","modified_gmt":"2016-03-18T10:25:35","slug":"curriculum-albert-espriu","status":"publish","type":"page","link":"https:\/\/ioib.es\/ca\/curriculum-albert-espriu\/","title":{"rendered":"Curr\u00edculum Albert Espriu"},"content":{"rendered":"<p class=\"qtranxs-available-languages-message qtranxs-available-languages-message-ca\">Ho sentim, aquesta entrada est\u00e0 disponible nom\u00e9s en <a href=\"https:\/\/ioib.es\/es\/wp-json\/wp\/v2\/pages\/473\" class=\"qtranxs-available-language-link qtranxs-available-language-link-es\" title=\"Espa\u00f1ol\">Espa\u00f1ol<\/a>.<\/p>","protected":false},"excerpt":{"rendered":"<p>Ho sentim, aquesta entrada est\u00e0 disponible nom\u00e9s en Espa\u00f1ol.<\/p>\n","protected":false},"author":2,"featured_media":0,"parent":0,"menu_order":0,"comment_status":"closed","ping_status":"closed","template":"","meta":{"footnotes":""},"class_list":["post-473","page","type-page","status-publish","hentry"],"yoast_head":"<!-- This site is optimized with the Yoast SEO plugin v25.5 - https:\/\/yoast.com\/wordpress\/plugins\/seo\/ -->\n<title>Curr\u00edculum Albert Espriu - Instituto Odontolog\u00eda Integra Barcelona<\/title>\n<meta name=\"robots\" content=\"index, follow, max-snippet:-1, max-image-preview:large, max-video-preview:-1\" \/>\n<link rel=\"canonical\" href=\"https:\/\/ioib.es\/es\/curriculum-albert-espriu\/\" \/>\n<meta property=\"og:locale\" content=\"ca_ES\" \/>\n<meta property=\"og:type\" content=\"article\" \/>\n<meta property=\"og:title\" content=\"Curr\u00edculum Albert Espriu - Instituto Odontolog\u00eda Integra Barcelona\" \/>\n<meta property=\"og:description\" content=\"Ho sentim, aquesta entrada est\u00e0 disponible nom\u00e9s en Espa\u00f1ol.\" \/>\n<meta property=\"og:url\" content=\"https:\/\/ioib.es\/es\/curriculum-albert-espriu\/\" \/>\n<meta property=\"og:site_name\" content=\"Instituto Odontolog\u00eda Integra Barcelona\" \/>\n<meta name=\"twitter:card\" content=\"summary_large_image\" \/>\n<meta name=\"twitter:label1\" content=\"Temps estimat de lectura\" \/>\n\t<meta name=\"twitter:data1\" content=\"1 minut\" \/>\n<script type=\"application\/ld+json\" class=\"yoast-schema-graph\">{\"@context\":\"https:\/\/schema.org\",\"@graph\":[{\"@type\":\"WebPage\",\"@id\":\"https:\/\/ioib.es\/es\/curriculum-albert-espriu\/\",\"url\":\"https:\/\/ioib.es\/es\/curriculum-albert-espriu\/\",\"name\":\"Curr\u00edculum Albert Espriu - Instituto Odontolog\u00eda Integra Barcelona\",\"isPartOf\":{\"@id\":\"https:\/\/ioib.es\/es\/#website\"},\"datePublished\":\"2016-03-18T10:25:35+00:00\",\"breadcrumb\":{\"@id\":\"https:\/\/ioib.es\/es\/curriculum-albert-espriu\/#breadcrumb\"},\"inLanguage\":\"ca\",\"potentialAction\":[{\"@type\":\"ReadAction\",\"target\":[\"https:\/\/ioib.es\/es\/curriculum-albert-espriu\/\"]}]},{\"@type\":\"BreadcrumbList\",\"@id\":\"https:\/\/ioib.es\/es\/curriculum-albert-espriu\/#breadcrumb\",\"itemListElement\":[{\"@type\":\"ListItem\",\"position\":1,\"name\":\"Portada\",\"item\":\"https:\/\/ioib.es\/es\/home\/\"},{\"@type\":\"ListItem\",\"position\":2,\"name\":\"Curr\u00edculum Albert Espriu\"}]},{\"@type\":\"WebSite\",\"@id\":\"https:\/\/ioib.es\/es\/#website\",\"url\":\"https:\/\/ioib.es\/es\/\",\"name\":\"Instituto Odontolog\u00eda Integra Barcelona\",\"description\":\"Otro sitio realizado con WordPress\",\"potentialAction\":[{\"@type\":\"SearchAction\",\"target\":{\"@type\":\"EntryPoint\",\"urlTemplate\":\"https:\/\/ioib.es\/es\/?s={search_term_string}\"},\"query-input\":{\"@type\":\"PropertyValueSpecification\",\"valueRequired\":true,\"valueName\":\"search_term_string\"}}],\"inLanguage\":\"ca\"}]}<\/script>\n<!-- \/ Yoast SEO plugin. -->","yoast_head_json":{"title":"Curr\u00edculum Albert Espriu - Instituto Odontolog\u00eda Integra Barcelona","robots":{"index":"index","follow":"follow","max-snippet":"max-snippet:-1","max-image-preview":"max-image-preview:large","max-video-preview":"max-video-preview:-1"},"canonical":"https:\/\/ioib.es\/es\/curriculum-albert-espriu\/","og_locale":"ca_ES","og_type":"article","og_title":"Curr\u00edculum Albert Espriu - Instituto Odontolog\u00eda Integra Barcelona","og_description":"Ho sentim, aquesta entrada est\u00e0 disponible nom\u00e9s en Espa\u00f1ol.","og_url":"https:\/\/ioib.es\/es\/curriculum-albert-espriu\/","og_site_name":"Instituto Odontolog\u00eda Integra Barcelona","twitter_card":"summary_large_image","twitter_misc":{"Temps estimat de lectura":"1 minut"},"schema":{"@context":"https:\/\/schema.org","@graph":[{"@type":"WebPage","@id":"https:\/\/ioib.es\/es\/curriculum-albert-espriu\/","url":"https:\/\/ioib.es\/es\/curriculum-albert-espriu\/","name":"Curr\u00edculum Albert Espriu - Instituto Odontolog\u00eda Integra Barcelona","isPartOf":{"@id":"https:\/\/ioib.es\/es\/#website"},"datePublished":"2016-03-18T10:25:35+00:00","breadcrumb":{"@id":"https:\/\/ioib.es\/es\/curriculum-albert-espriu\/#breadcrumb"},"inLanguage":"ca","potentialAction":[{"@type":"ReadAction","target":["https:\/\/ioib.es\/es\/curriculum-albert-espriu\/"]}]},{"@type":"BreadcrumbList","@id":"https:\/\/ioib.es\/es\/curriculum-albert-espriu\/#breadcrumb","itemListElement":[{"@type":"ListItem","position":1,"name":"Portada","item":"https:\/\/ioib.es\/es\/home\/"},{"@type":"ListItem","position":2,"name":"Curr\u00edculum Albert Espriu"}]},{"@type":"WebSite","@id":"https:\/\/ioib.es\/es\/#website","url":"https:\/\/ioib.es\/es\/","name":"Instituto Odontolog\u00eda Integra Barcelona","description":"Otro sitio realizado con WordPress","potentialAction":[{"@type":"SearchAction","target":{"@type":"EntryPoint","urlTemplate":"https:\/\/ioib.es\/es\/?s={search_term_string}"},"query-input":{"@type":"PropertyValueSpecification","valueRequired":true,"valueName":"search_term_string"}}],"inLanguage":"ca"}]}},"_links":{"self":[{"href":"https:\/\/ioib.es\/ca\/wp-json\/wp\/v2\/pages\/473","targetHints":{"allow":["GET"]}}],"collection":[{"href":"https:\/\/ioib.es\/ca\/wp-json\/wp\/v2\/pages"}],"about":[{"href":"https:\/\/ioib.es\/ca\/wp-json\/wp\/v2\/types\/page"}],"author":[{"embeddable":true,"href":"https:\/\/ioib.es\/ca\/wp-json\/wp\/v2\/users\/2"}],"replies":[{"embeddable":true,"href":"https:\/\/ioib.es\/ca\/wp-json\/wp\/v2\/comments?post=473"}],"version-history":[{"count":0,"href":"https:\/\/ioib.es\/ca\/wp-json\/wp\/v2\/pages\/473\/revisions"}],"wp:attachment":[{"href":"https:\/\/ioib.es\/ca\/wp-json\/wp\/v2\/media?parent=473"}],"curies":[{"name":"wp","href":"https:\/\/api.w.org\/{rel}","templated":true}]}}