{"id":13,"date":"2016-02-22T20:54:28","date_gmt":"2016-02-22T20:54:28","guid":{"rendered":"https:\/\/ioib.es\/?page_id=13"},"modified":"2026-02-10T21:06:10","modified_gmt":"2026-02-10T21:06:10","slug":"tratamientos","status":"publish","type":"page","link":"https:\/\/ioib.es\/en\/tratamientos\/","title":{"rendered":"Tratamientos dentales integrales"},"content":{"rendered":"<p>Nuestra cl\u00ednica ofrece tratamientos dentales adaptados a cada paciente. Contamos con soluciones en implantes dentales, ortodoncia invisible, est\u00e9tica dental y blanqueamiento dental. Todos los procesos se realizan con diagn\u00f3stico digital y equipos de \u00faltima generaci\u00f3n.<\/p>\n\n\n\n<p>Desde alineadores transparentes hasta coronas est\u00e9ticas, aplicamos t\u00e9cnicas modernas en ortodoncia, brackets, y tratamientos funcionales. Nuestro equipo multidisciplinar garantiza resultados seguros, precisos y con enfoque humano en cada tratamiento odontol\u00f3gico.<\/p>\n\n\n<h2><\/p>\n\n\n\n\n\n\n\n\n\n\n<p><\/p>","protected":false},"excerpt":{"rendered":"<p>Nuestra cl\u00ednica ofrece tratamientos dentales adaptados a cada paciente. Contamos con soluciones en implantes dentales, ortodoncia invisible, est\u00e9tica dental y blanqueamiento dental. Todos los procesos se realizan con diagn\u00f3stico digital y equipos de \u00faltima generaci\u00f3n. Desde alineadores transparentes hasta coronas est\u00e9ticas, aplicamos t\u00e9cnicas modernas en ortodoncia, brackets, y tratamientos funcionales. Nuestro equipo multidisciplinar garantiza resultados [&hellip;]<\/p>\n","protected":false},"author":2,"featured_media":0,"parent":0,"menu_order":0,"comment_status":"closed","ping_status":"closed","template":"","meta":{"footnotes":""},"class_list":["post-13","page","type-page","status-publish","hentry"],"yoast_head":"<!-- This site is optimized with the Yoast SEO plugin v25.5 - https:\/\/yoast.com\/wordpress\/plugins\/seo\/ -->\n<title>Tratamientos dentales IOIB<\/title>\n<meta name=\"description\" content=\"Tratamientos odontol\u00f3gicos preventivos y restaurativos con la m\u00e1s alta calidad. \u00daltimos avances y tecnolog\u00eda para tu salud bucodental. \u00a1Pide tu cita!\" \/>\n<meta name=\"robots\" content=\"index, follow, max-snippet:-1, max-image-preview:large, max-video-preview:-1\" \/>\n<link rel=\"canonical\" href=\"https:\/\/ioib.es\/es\/tratamientos\/\" \/>\n<meta property=\"og:locale\" content=\"en_US\" \/>\n<meta property=\"og:type\" content=\"article\" \/>\n<meta property=\"og:title\" content=\"[:es]Tratamientos dentales modernos para lograr tu mejor sonrisa[:ca]Tratamientos dentales IOIB[:en]Tratamientos dentales IOIB[:]\" \/>\n<meta property=\"og:description\" content=\"{:es}Descubre nuestros tratamientos dentales con ortodoncia invisible, blanqueamiento, est\u00e9tica dental, brackets, implantes e invisalign a medida{:ca}Tratamientos odontol\u00f3gicos preventivos y restaurativos con la m\u00e1s alta calidad. \u00daltimos avances y tecnolog\u00eda para tu salud bucodental. \u00a1Pide tu cita!{:en}Tratamientos odontol\u00f3gicos preventivos y restaurativos con la m\u00e1s alta calidad. \u00daltimos avances y tecnolog\u00eda para tu salud bucodental. \u00a1Pide tu cita!{:}\" \/>\n<meta property=\"og:url\" content=\"https:\/\/ioib.es\/es\/tratamientos\/\" \/>\n<meta property=\"og:site_name\" content=\"Instituto Odontolog\u00eda Integra Barcelona\" \/>\n<meta property=\"article:modified_time\" content=\"2026-02-10T21:06:10+00:00\" \/>\n<meta property=\"og:image\" content=\"https:\/\/ioib.es\/wp-content\/uploads\/2016\/07\/rehab-sup.jpg\" \/>\n\t<meta property=\"og:image:width\" content=\"1212\" \/>\n\t<meta property=\"og:image:height\" content=\"262\" \/>\n\t<meta property=\"og:image:type\" content=\"image\/jpeg\" \/>\n<meta name=\"twitter:card\" content=\"summary_large_image\" \/>\n<meta name=\"twitter:label1\" content=\"Est. reading time\" \/>\n\t<meta name=\"twitter:data1\" content=\"7 minutes\" \/>\n<script type=\"application\/ld+json\" class=\"yoast-schema-graph\">{\"@context\":\"https:\/\/schema.org\",\"@graph\":[{\"@type\":\"WebPage\",\"@id\":\"https:\/\/ioib.es\/es\/tratamientos\/\",\"url\":\"https:\/\/ioib.es\/es\/tratamientos\/\",\"name\":\"[:es]Tratamientos dentales modernos para lograr tu mejor sonrisa[:ca]Tratamientos dentales IOIB[:en]Tratamientos dentales IOIB[:]\",\"isPartOf\":{\"@id\":\"https:\/\/ioib.es\/es\/#website\"},\"primaryImageOfPage\":{\"@id\":\"https:\/\/ioib.es\/es\/tratamientos\/#primaryimage\"},\"image\":{\"@id\":\"https:\/\/ioib.es\/es\/tratamientos\/#primaryimage\"},\"thumbnailUrl\":\"https:\/\/ioib.es\/wp-content\/uploads\/2016\/07\/rehab-sup-300x65.jpg\",\"datePublished\":\"2016-02-22T20:54:28+00:00\",\"dateModified\":\"2026-02-10T21:06:10+00:00\",\"description\":\"{:es}Descubre nuestros tratamientos dentales con ortodoncia invisible, blanqueamiento, est\u00e9tica dental, brackets, implantes e invisalign a medida{:ca}Tratamientos odontol\u00f3gicos preventivos y restaurativos con la m\u00e1s alta calidad. \u00daltimos avances y tecnolog\u00eda para tu salud bucodental. \u00a1Pide tu cita!{:en}Tratamientos odontol\u00f3gicos preventivos y restaurativos con la m\u00e1s alta calidad. \u00daltimos avances y tecnolog\u00eda para tu salud bucodental. \u00a1Pide tu cita!{:}\",\"breadcrumb\":{\"@id\":\"https:\/\/ioib.es\/es\/tratamientos\/#breadcrumb\"},\"inLanguage\":\"en-US\",\"potentialAction\":[{\"@type\":\"ReadAction\",\"target\":[\"https:\/\/ioib.es\/es\/tratamientos\/\"]}]},{\"@type\":\"ImageObject\",\"inLanguage\":\"en-US\",\"@id\":\"https:\/\/ioib.es\/es\/tratamientos\/#primaryimage\",\"url\":\"https:\/\/ioib.es\/wp-content\/uploads\/2016\/07\/rehab-sup-300x65.jpg\",\"contentUrl\":\"https:\/\/ioib.es\/wp-content\/uploads\/2016\/07\/rehab-sup-300x65.jpg\"},{\"@type\":\"BreadcrumbList\",\"@id\":\"https:\/\/ioib.es\/es\/tratamientos\/#breadcrumb\",\"itemListElement\":[{\"@type\":\"ListItem\",\"position\":1,\"name\":\"Portada\",\"item\":\"https:\/\/ioib.es\/es\/home\/\"},{\"@type\":\"ListItem\",\"position\":2,\"name\":\"Tratamientos dentales integrales\"}]},{\"@type\":\"WebSite\",\"@id\":\"https:\/\/ioib.es\/es\/#website\",\"url\":\"https:\/\/ioib.es\/es\/\",\"name\":\"Instituto Odontolog\u00eda Integra Barcelona\",\"description\":\"Otro sitio realizado con WordPress\",\"potentialAction\":[{\"@type\":\"SearchAction\",\"target\":{\"@type\":\"EntryPoint\",\"urlTemplate\":\"https:\/\/ioib.es\/es\/?s={search_term_string}\"},\"query-input\":{\"@type\":\"PropertyValueSpecification\",\"valueRequired\":true,\"valueName\":\"search_term_string\"}}],\"inLanguage\":\"en-US\"}]}<\/script>\n<!-- \/ Yoast SEO plugin. -->","yoast_head_json":{"title":"Tratamientos dentales IOIB","description":"Tratamientos odontol\u00f3gicos preventivos y restaurativos con la m\u00e1s alta calidad. \u00daltimos avances y tecnolog\u00eda para tu salud bucodental. \u00a1Pide tu cita!","robots":{"index":"index","follow":"follow","max-snippet":"max-snippet:-1","max-image-preview":"max-image-preview:large","max-video-preview":"max-video-preview:-1"},"canonical":"https:\/\/ioib.es\/es\/tratamientos\/","og_locale":"en_US","og_type":"article","og_title":"[:es]Tratamientos dentales modernos para lograr tu mejor sonrisa[:ca]Tratamientos dentales IOIB[:en]Tratamientos dentales IOIB[:]","og_description":"{:es}Descubre nuestros tratamientos dentales con ortodoncia invisible, blanqueamiento, est\u00e9tica dental, brackets, implantes e invisalign a medida{:ca}Tratamientos odontol\u00f3gicos preventivos y restaurativos con la m\u00e1s alta calidad. \u00daltimos avances y tecnolog\u00eda para tu salud bucodental. \u00a1Pide tu cita!{:en}Tratamientos odontol\u00f3gicos preventivos y restaurativos con la m\u00e1s alta calidad. \u00daltimos avances y tecnolog\u00eda para tu salud bucodental. \u00a1Pide tu cita!{:}","og_url":"https:\/\/ioib.es\/es\/tratamientos\/","og_site_name":"Instituto Odontolog\u00eda Integra Barcelona","article_modified_time":"2026-02-10T21:06:10+00:00","og_image":[{"width":1212,"height":262,"url":"https:\/\/ioib.es\/wp-content\/uploads\/2016\/07\/rehab-sup.jpg","type":"image\/jpeg"}],"twitter_card":"summary_large_image","twitter_misc":{"Est. reading time":"7 minutes"},"schema":{"@context":"https:\/\/schema.org","@graph":[{"@type":"WebPage","@id":"https:\/\/ioib.es\/es\/tratamientos\/","url":"https:\/\/ioib.es\/es\/tratamientos\/","name":"[:es]Tratamientos dentales modernos para lograr tu mejor sonrisa[:ca]Tratamientos dentales IOIB[:en]Tratamientos dentales IOIB[:]","isPartOf":{"@id":"https:\/\/ioib.es\/es\/#website"},"primaryImageOfPage":{"@id":"https:\/\/ioib.es\/es\/tratamientos\/#primaryimage"},"image":{"@id":"https:\/\/ioib.es\/es\/tratamientos\/#primaryimage"},"thumbnailUrl":"https:\/\/ioib.es\/wp-content\/uploads\/2016\/07\/rehab-sup-300x65.jpg","datePublished":"2016-02-22T20:54:28+00:00","dateModified":"2026-02-10T21:06:10+00:00","description":"{:es}Descubre nuestros tratamientos dentales con ortodoncia invisible, blanqueamiento, est\u00e9tica dental, brackets, implantes e invisalign a medida{:ca}Tratamientos odontol\u00f3gicos preventivos y restaurativos con la m\u00e1s alta calidad. \u00daltimos avances y tecnolog\u00eda para tu salud bucodental. \u00a1Pide tu cita!{:en}Tratamientos odontol\u00f3gicos preventivos y restaurativos con la m\u00e1s alta calidad. \u00daltimos avances y tecnolog\u00eda para tu salud bucodental. \u00a1Pide tu cita!{:}","breadcrumb":{"@id":"https:\/\/ioib.es\/es\/tratamientos\/#breadcrumb"},"inLanguage":"en-US","potentialAction":[{"@type":"ReadAction","target":["https:\/\/ioib.es\/es\/tratamientos\/"]}]},{"@type":"ImageObject","inLanguage":"en-US","@id":"https:\/\/ioib.es\/es\/tratamientos\/#primaryimage","url":"https:\/\/ioib.es\/wp-content\/uploads\/2016\/07\/rehab-sup-300x65.jpg","contentUrl":"https:\/\/ioib.es\/wp-content\/uploads\/2016\/07\/rehab-sup-300x65.jpg"},{"@type":"BreadcrumbList","@id":"https:\/\/ioib.es\/es\/tratamientos\/#breadcrumb","itemListElement":[{"@type":"ListItem","position":1,"name":"Portada","item":"https:\/\/ioib.es\/es\/home\/"},{"@type":"ListItem","position":2,"name":"Tratamientos dentales integrales"}]},{"@type":"WebSite","@id":"https:\/\/ioib.es\/es\/#website","url":"https:\/\/ioib.es\/es\/","name":"Instituto Odontolog\u00eda Integra Barcelona","description":"Otro sitio realizado con WordPress","potentialAction":[{"@type":"SearchAction","target":{"@type":"EntryPoint","urlTemplate":"https:\/\/ioib.es\/es\/?s={search_term_string}"},"query-input":{"@type":"PropertyValueSpecification","valueRequired":true,"valueName":"search_term_string"}}],"inLanguage":"en-US"}]}},"_links":{"self":[{"href":"https:\/\/ioib.es\/en\/wp-json\/wp\/v2\/pages\/13","targetHints":{"allow":["GET"]}}],"collection":[{"href":"https:\/\/ioib.es\/en\/wp-json\/wp\/v2\/pages"}],"about":[{"href":"https:\/\/ioib.es\/en\/wp-json\/wp\/v2\/types\/page"}],"author":[{"embeddable":true,"href":"https:\/\/ioib.es\/en\/wp-json\/wp\/v2\/users\/2"}],"replies":[{"embeddable":true,"href":"https:\/\/ioib.es\/en\/wp-json\/wp\/v2\/comments?post=13"}],"version-history":[{"count":13,"href":"https:\/\/ioib.es\/en\/wp-json\/wp\/v2\/pages\/13\/revisions"}],"predecessor-version":[{"id":1029,"href":"https:\/\/ioib.es\/en\/wp-json\/wp\/v2\/pages\/13\/revisions\/1029"}],"wp:attachment":[{"href":"https:\/\/ioib.es\/en\/wp-json\/wp\/v2\/media?parent=13"}],"curies":[{"name":"wp","href":"https:\/\/api.w.org\/{rel}","templated":true}]}}