{"id":2,"date":"2016-02-22T18:36:10","date_gmt":"2016-02-22T18:36:10","guid":{"rendered":"https:\/\/ioib.es\/?page_id=2"},"modified":"2026-02-11T21:41:18","modified_gmt":"2026-02-11T21:41:18","slug":"home","status":"publish","type":"page","link":"https:\/\/ioib.es\/es\/","title":{"rendered":"Home"},"content":{"rendered":"\n<\/p>\n\n<\/p>\n","protected":false},"excerpt":{"rendered":"","protected":false},"author":2,"featured_media":0,"parent":0,"menu_order":0,"comment_status":"closed","ping_status":"open","template":"","meta":{"footnotes":""},"class_list":["post-2","page","type-page","status-publish","hentry"],"yoast_head":"<!-- This site is optimized with the Yoast SEO plugin v25.5 - https:\/\/yoast.com\/wordpress\/plugins\/seo\/ -->\n<title>Cl\u00ednica dental con tecnolog\u00eda avanzada y atenci\u00f3n experta<\/title>\n<meta name=\"description\" content=\"Conoce nuestra cl\u00ednica dental con tecnolog\u00eda 3D, dise\u00f1o de sonrisa, radiolog\u00eda avanzada y los mejores expertos en salud bucodental\" \/>\n<meta name=\"robots\" content=\"index, follow, max-snippet:-1, max-image-preview:large, max-video-preview:-1\" \/>\n<link rel=\"canonical\" href=\"https:\/\/ioib.es\/es\/home\/\" \/>\n<meta property=\"og:locale\" content=\"es_ES\" \/>\n<meta property=\"og:type\" content=\"article\" \/>\n<meta property=\"og:title\" content=\"[:es]Cl\u00ednica dental con tecnolog\u00eda avanzada y atenci\u00f3n experta[:ca]Cl\u00ednica dental e instituto odontol\u00f3gico en Barcelona.[:en]Cl\u00ednica dental e instituto odontol\u00f3gico en Barcelona.[:]\" \/>\n<meta property=\"og:description\" content=\"{:es}Conoce nuestra cl\u00ednica dental con tecnolog\u00eda 3D, dise\u00f1o de sonrisa, radiolog\u00eda avanzada y los mejores expertos en salud bucodental{:ca}\u00bfTienes problemas bucodentales? En IOIB, cl\u00ednica dental en Barcelona encontrar\u00e1s todos los tratamientos odontol\u00f3gicos y a los mejores profesionales a tu disposici\u00f3n. \u00a1Pide cita!{:en}\u00bfTienes problemas bucodentales? En IOIB, cl\u00ednica dental en Barcelona encontrar\u00e1s todos los tratamientos odontol\u00f3gicos y a los mejores profesionales a tu disposici\u00f3n. \u00a1Pide cita!{:}\" \/>\n<meta property=\"og:url\" content=\"https:\/\/ioib.es\/es\/home\/\" \/>\n<meta property=\"og:site_name\" content=\"Instituto Odontolog\u00eda Integral Barcelona. Cl\u00ednica Drs. Padull\u00e9s\" \/>\n<meta property=\"article:modified_time\" content=\"2026-02-11T21:41:18+00:00\" \/>\n<meta name=\"twitter:card\" content=\"summary_large_image\" \/>\n<meta name=\"twitter:label1\" content=\"Tiempo de lectura\" \/>\n\t<meta name=\"twitter:data1\" content=\"5 minutos\" \/>\n<script type=\"application\/ld+json\" class=\"yoast-schema-graph\">{\"@context\":\"https:\/\/schema.org\",\"@graph\":[{\"@type\":\"WebPage\",\"@id\":\"https:\/\/ioib.es\/es\/home\/\",\"url\":\"https:\/\/ioib.es\/es\/home\/\",\"name\":\"[:es]Cl\u00ednica dental con tecnolog\u00eda avanzada y atenci\u00f3n experta[:ca]Cl\u00ednica dental e instituto odontol\u00f3gico en Barcelona.[:en]Cl\u00ednica dental e instituto odontol\u00f3gico en Barcelona.[:]\",\"isPartOf\":{\"@id\":\"https:\/\/ioib.es\/es\/#website\"},\"datePublished\":\"2016-02-22T18:36:10+00:00\",\"dateModified\":\"2026-02-11T21:41:18+00:00\",\"description\":\"{:es}Conoce nuestra cl\u00ednica dental con tecnolog\u00eda 3D, dise\u00f1o de sonrisa, radiolog\u00eda avanzada y los mejores expertos en salud bucodental{:ca}\u00bfTienes problemas bucodentales? En IOIB, cl\u00ednica dental en Barcelona encontrar\u00e1s todos los tratamientos odontol\u00f3gicos y a los mejores profesionales a tu disposici\u00f3n. \u00a1Pide cita!{:en}\u00bfTienes problemas bucodentales? En IOIB, cl\u00ednica dental en Barcelona encontrar\u00e1s todos los tratamientos odontol\u00f3gicos y a los mejores profesionales a tu disposici\u00f3n. \u00a1Pide cita!{:}\",\"breadcrumb\":{\"@id\":\"https:\/\/ioib.es\/es\/home\/#breadcrumb\"},\"inLanguage\":\"es\",\"potentialAction\":[{\"@type\":\"ReadAction\",\"target\":[\"https:\/\/ioib.es\/es\/home\/\"]}]},{\"@type\":\"BreadcrumbList\",\"@id\":\"https:\/\/ioib.es\/es\/home\/#breadcrumb\",\"itemListElement\":[{\"@type\":\"ListItem\",\"position\":1,\"name\":\"Portada\",\"item\":\"https:\/\/ioib.es\/es\/home\/\"},{\"@type\":\"ListItem\",\"position\":2,\"name\":\"Home\"}]},{\"@type\":\"WebSite\",\"@id\":\"https:\/\/ioib.es\/es\/#website\",\"url\":\"https:\/\/ioib.es\/es\/\",\"name\":\"Instituto Odontolog\u00eda Integral Barcelona. Cl\u00ednica Drs. Padull\u00e9s\",\"description\":\"Cl\u00ednica Dental Barcelona\",\"potentialAction\":[{\"@type\":\"SearchAction\",\"target\":{\"@type\":\"EntryPoint\",\"urlTemplate\":\"https:\/\/ioib.es\/es\/?s={search_term_string}\"},\"query-input\":{\"@type\":\"PropertyValueSpecification\",\"valueRequired\":true,\"valueName\":\"search_term_string\"}}],\"inLanguage\":\"es\"}]}<\/script>\n<!-- \/ Yoast SEO plugin. -->","yoast_head_json":{"title":"Cl\u00ednica dental con tecnolog\u00eda avanzada y atenci\u00f3n experta","description":"Conoce nuestra cl\u00ednica dental con tecnolog\u00eda 3D, dise\u00f1o de sonrisa, radiolog\u00eda avanzada y los mejores expertos en salud bucodental","robots":{"index":"index","follow":"follow","max-snippet":"max-snippet:-1","max-image-preview":"max-image-preview:large","max-video-preview":"max-video-preview:-1"},"canonical":"https:\/\/ioib.es\/es\/home\/","og_locale":"es_ES","og_type":"article","og_title":"[:es]Cl\u00ednica dental con tecnolog\u00eda avanzada y atenci\u00f3n experta[:ca]Cl\u00ednica dental e instituto odontol\u00f3gico en Barcelona.[:en]Cl\u00ednica dental e instituto odontol\u00f3gico en Barcelona.[:]","og_description":"{:es}Conoce nuestra cl\u00ednica dental con tecnolog\u00eda 3D, dise\u00f1o de sonrisa, radiolog\u00eda avanzada y los mejores expertos en salud bucodental{:ca}\u00bfTienes problemas bucodentales? En IOIB, cl\u00ednica dental en Barcelona encontrar\u00e1s todos los tratamientos odontol\u00f3gicos y a los mejores profesionales a tu disposici\u00f3n. \u00a1Pide cita!{:en}\u00bfTienes problemas bucodentales? En IOIB, cl\u00ednica dental en Barcelona encontrar\u00e1s todos los tratamientos odontol\u00f3gicos y a los mejores profesionales a tu disposici\u00f3n. \u00a1Pide cita!{:}","og_url":"https:\/\/ioib.es\/es\/home\/","og_site_name":"Instituto Odontolog\u00eda Integral Barcelona. Cl\u00ednica Drs. Padull\u00e9s","article_modified_time":"2026-02-11T21:41:18+00:00","twitter_card":"summary_large_image","twitter_misc":{"Tiempo de lectura":"5 minutos"},"schema":{"@context":"https:\/\/schema.org","@graph":[{"@type":"WebPage","@id":"https:\/\/ioib.es\/es\/home\/","url":"https:\/\/ioib.es\/es\/home\/","name":"[:es]Cl\u00ednica dental con tecnolog\u00eda avanzada y atenci\u00f3n experta[:ca]Cl\u00ednica dental e instituto odontol\u00f3gico en Barcelona.[:en]Cl\u00ednica dental e instituto odontol\u00f3gico en Barcelona.[:]","isPartOf":{"@id":"https:\/\/ioib.es\/es\/#website"},"datePublished":"2016-02-22T18:36:10+00:00","dateModified":"2026-02-11T21:41:18+00:00","description":"{:es}Conoce nuestra cl\u00ednica dental con tecnolog\u00eda 3D, dise\u00f1o de sonrisa, radiolog\u00eda avanzada y los mejores expertos en salud bucodental{:ca}\u00bfTienes problemas bucodentales? En IOIB, cl\u00ednica dental en Barcelona encontrar\u00e1s todos los tratamientos odontol\u00f3gicos y a los mejores profesionales a tu disposici\u00f3n. \u00a1Pide cita!{:en}\u00bfTienes problemas bucodentales? En IOIB, cl\u00ednica dental en Barcelona encontrar\u00e1s todos los tratamientos odontol\u00f3gicos y a los mejores profesionales a tu disposici\u00f3n. \u00a1Pide cita!{:}","breadcrumb":{"@id":"https:\/\/ioib.es\/es\/home\/#breadcrumb"},"inLanguage":"es","potentialAction":[{"@type":"ReadAction","target":["https:\/\/ioib.es\/es\/home\/"]}]},{"@type":"BreadcrumbList","@id":"https:\/\/ioib.es\/es\/home\/#breadcrumb","itemListElement":[{"@type":"ListItem","position":1,"name":"Portada","item":"https:\/\/ioib.es\/es\/home\/"},{"@type":"ListItem","position":2,"name":"Home"}]},{"@type":"WebSite","@id":"https:\/\/ioib.es\/es\/#website","url":"https:\/\/ioib.es\/es\/","name":"Instituto Odontolog\u00eda Integral Barcelona. Cl\u00ednica Drs. Padull\u00e9s","description":"Cl\u00ednica Dental Barcelona","potentialAction":[{"@type":"SearchAction","target":{"@type":"EntryPoint","urlTemplate":"https:\/\/ioib.es\/es\/?s={search_term_string}"},"query-input":{"@type":"PropertyValueSpecification","valueRequired":true,"valueName":"search_term_string"}}],"inLanguage":"es"}]}},"_links":{"self":[{"href":"https:\/\/ioib.es\/es\/wp-json\/wp\/v2\/pages\/2","targetHints":{"allow":["GET"]}}],"collection":[{"href":"https:\/\/ioib.es\/es\/wp-json\/wp\/v2\/pages"}],"about":[{"href":"https:\/\/ioib.es\/es\/wp-json\/wp\/v2\/types\/page"}],"author":[{"embeddable":true,"href":"https:\/\/ioib.es\/es\/wp-json\/wp\/v2\/users\/2"}],"replies":[{"embeddable":true,"href":"https:\/\/ioib.es\/es\/wp-json\/wp\/v2\/comments?post=2"}],"version-history":[{"count":8,"href":"https:\/\/ioib.es\/es\/wp-json\/wp\/v2\/pages\/2\/revisions"}],"predecessor-version":[{"id":1008,"href":"https:\/\/ioib.es\/es\/wp-json\/wp\/v2\/pages\/2\/revisions\/1008"}],"wp:attachment":[{"href":"https:\/\/ioib.es\/es\/wp-json\/wp\/v2\/media?parent=2"}],"curies":[{"name":"wp","href":"https:\/\/api.w.org\/{rel}","templated":true}]}}