{"id":462,"date":"2016-03-18T09:10:27","date_gmt":"2016-03-18T09:10:27","guid":{"rendered":"https:\/\/ioib.es\/?page_id=462"},"modified":"2016-03-18T09:50:37","modified_gmt":"2016-03-18T09:50:37","slug":"cv","status":"publish","type":"page","link":"https:\/\/ioib.es\/es\/cv\/","title":{"rendered":"Curr\u00edculum Esteban Padull\u00e9s-Roig"},"content":{"rendered":"<p><span style=\"font-weight: 400;\">Dr. Esteban Padull\u00e9s i Roig<\/span><\/p>\n<p>&nbsp;<\/p>\n<p><strong>Curriculum<\/strong><\/p>\n<ul>\n<li style=\"font-weight: 400;\"><span style=\"font-weight: 400;\">Licenciado en Medicina y Cirug\u00eda.(MD)<\/span><\/li>\n<li style=\"font-weight: 400;\"><span style=\"font-weight: 400;\">Especialista en Estomatolog\u00eda (MDD)<\/span><\/li>\n<li style=\"font-weight: 400;\"><span style=\"font-weight: 400;\">Licenciado en Odontolog\u00eda.(DDS)<\/span><\/li>\n<li style=\"font-weight: 400;\"><span style=\"font-weight: 400;\">Postgraduate course \u201cMastership in the areas of implantology and periodontics\u201d. New York University. College of Dentistry <\/span><\/li>\n<li style=\"font-weight: 400;\"><span style=\"font-weight: 400;\">M\u00e1ster of the Implant Prosthodontic Section (IPS), of the ICOI. USA.<\/span><\/li>\n<li style=\"font-weight: 400;\"><span style=\"font-weight: 400;\">Especialista en Implantolog\u00eda Oral (E.U.C.I.D).<\/span><\/li>\n<li style=\"font-weight: 400;\"><span style=\"font-weight: 400;\">Certificado del Jurado Europeo para la Implantolog\u00eda y Rehabilitaci\u00f3n Oral.<\/span><\/li>\n<\/ul>\n<p><b><br \/>\nDocencia<\/b><\/p>\n<ul>\n<li style=\"font-weight: 400;\"><span style=\"font-weight: 400;\">Profesor de Implantolog\u00eda Universit\u00e9 Europ\u00e9e du Travail.<\/span><\/li>\n<li style=\"font-weight: 400;\"><span style=\"font-weight: 400;\">Director Cl\u00ednico \u2013 Coordinador del \u201cMaster de P\u00f3tesis Bucal y ATM\u201d de la Universitat Internacional de Catalunya. (2000-2004)<\/span><\/li>\n<li style=\"font-weight: 400;\"><span style=\"font-weight: 400;\">Profesor asociado del Departamento de Biomateriales , Pr\u00f3tesis e Implantolog\u00eda de la Universitat Internacional de Catalunya (2000-2004)<\/span><\/li>\n<li style=\"font-weight: 400;\"><span style=\"font-weight: 400;\">Profesor del Programa de Formaci\u00f3n Continuada de la Sociedad Espa\u00f1ola de \u00a0Implantes. SEI.<\/span><\/li>\n<li style=\"font-weight: 400;\"><span style=\"font-weight: 400;\">Profesor del \u201cMaster en Implantologia y Rehabilitacion Oral\u201d.E.S.O.R.I.B.Universidad de Paris.A\u00f1os 1994-1995-1996.-1997-1998-1999 \u2013 2000 &#8211; 2001<\/span><\/li>\n<li style=\"font-weight: 400;\"><span style=\"font-weight: 400;\">Profesor Invitado de la New York University\u201cNYU in Spain\u201d 1997<\/span><\/li>\n<li style=\"font-weight: 400;\"><span style=\"font-weight: 400;\">Profesor Invitado del Master de Bioingenier\u00eda de la Universidad Polit\u00e9cnica de Catalunya. 2007-2008-2010<\/span><\/li>\n<li style=\"font-weight: 400;\"><span style=\"font-weight: 400;\">Profesor invitado del \u201cMaster de Implantolog\u00eda y Rehabilitaci\u00f3n Oral\u201d de la Escuela Superior de Implantologia Mayo 2000- Febrero 2001- Julio 2001- Mayo2002- Junio 2003- Junio 2004- Junio 2005<\/span><\/li>\n<li style=\"font-weight: 400;\"><span style=\"font-weight: 400;\">Profesor invitado al master de Implantolog\u00eda de la Universidad del Pais Vasco Mayo 2004<\/span><\/li>\n<li style=\"font-weight: 400;\"><span style=\"font-weight: 400;\">Profesor invitado al master de Implantolog\u00eda de la Universidad Europea de Madrid Mayo 2005<\/span><\/li>\n<li style=\"font-weight: 400;\"><span style=\"font-weight: 400;\">Profesor invitado del M\u00e1ster Universitario en Est\u00e9tica e Implantolog\u00eda Oral de la Universitat de les Illes Balears \u00a02006\u201307, 2007-08, 2008-09<\/span><\/li>\n<li style=\"font-weight: 400;\"><span style=\"font-weight: 400;\">Profesor invitado al master de Implantolog\u00eda de la Universidad de Sevilla Abril 2008<\/span><\/li>\n<li style=\"font-weight: 400;\"><span style=\"font-weight: 400;\">Profesor invitado al master de Implantolog\u00eda de la Universidad de Zaragoza. Marzo 2013<\/span><\/li>\n<li style=\"font-weight: 400;\">Profesor invitado al \u201cTitulo de Especialista Universitario en Implantolog\u00eda y Biotecnolog\u00eda Implantaria oral \u00a0aplicada\u201d.\u00a0Fundaci\u00f3n Universidad Polit\u00e9cnica de Catalunya, Barcelona.\u00a0Mayo 2008 \u2013 Marzo 2009 \u2013 Junio 2013<\/li>\n<li style=\"font-weight: 400;\"><span style=\"font-weight: 400;\">Profesor de los Cursos de Formaci\u00f3n de la Sociedad Espa\u00f1ola de Implantes.<\/span><\/li>\n<li style=\"font-weight: 400;\"><span style=\"font-weight: 400;\">Co-Director de la \u201cEscuela de Formaci\u00f3n en Odontolog\u00eda Integral\u201d (2003 \u2013 2015)<\/span><\/li>\n<li style=\"font-weight: 400;\"><span style=\"font-weight: 400;\">Dictante Nacional e Internacional de cursos y conferencias de Implantolog\u00eda y Pr\u00f3tesis\n<p><\/span><\/li>\n<\/ul>\n<p><b>Membresias<\/b><\/p>\n<ul>\n<li style=\"font-weight: 400;\"><span style=\"font-weight: 400;\">Vicepresidente de la European Union of Clinicians in Implant Dentistry E.U.C.I.D. (1999 \u2013 2000)<\/span><\/li>\n<li style=\"font-weight: 400;\"><span style=\"font-weight: 400;\">Miembro de la Pierre Fouchard Academy <\/span><\/li>\n<li style=\"font-weight: 400;\"><span style=\"font-weight: 400;\">Miembro Diplomado de I.C.O.I. <\/span><\/li>\n<li style=\"font-weight: 400;\"><span style=\"font-weight: 400;\">Miembro Diplomado de S.E.I<\/span><\/li>\n<li style=\"font-weight: 400;\"><span style=\"font-weight: 400;\">Miembro Diplomado de la Academia Internacional de Odontolog\u00eda Integral<\/span><\/li>\n<li style=\"font-weight: 400;\"><span style=\"font-weight: 400;\">Miembro de Sociedad Espa\u00f1ola de Periodoncia y Osteointegraci\u00f3n(SEPA), Sociedad Espa\u00f1ola de Pr\u00f3tesis Estomatologica \u00a0(SEPES), Sociedad Espa\u00f1ola de Laser Odontol\u00f3gico (SELO)<\/span><\/li>\n<\/ul>\n<p><b><br \/>\nPublicaciones<\/b><\/p>\n<ul>\n<li style=\"font-weight: 400;\"><span style=\"font-weight: 400;\">Director de la \u201cREVISTA ESPA\u00d1OLA ODONTOESTOMATOLOGICA DE IMPLANTES\u201d.(1997 -2010)<\/span><\/li>\n<li style=\"font-weight: 400;\"><span style=\"font-weight: 400;\">Autor del Libro: \u201cManual de Implantolog\u00eda para el Higienista Dental\u201d Editorial Nexus Medica. Barcelona 2005. ISBN: 84-933785-4-2<\/span><\/li>\n<li style=\"font-weight: 400;\"><span style=\"font-weight: 400;\">Autor del Libro: \u201cPatolog\u00eda Periimplantaria Vol. 1: Prevenci\u00f3n y Mantenimiento. Exploraci\u00f3n, Diagn\u00f3stico, Mantenimiento.\u201d Ediciones Europeas Especializadas. Barcelona 2013. ISBN: 978-84-941739-3-6<\/span><\/li>\n<li style=\"font-weight: 400;\">Autor del libro: \u201cPatolog\u00eda Periimplantaria. Infecci\u00f3n Periimplantaria.\u00a0<i><span style=\"font-weight: 400;\">Etiolog\u00eda, Diagn\u00f3stico, Tratamiento\u201d <\/span><\/i><span style=\"font-weight: 400;\">Ed. Quintessence.<\/span><\/li>\n<li style=\"font-weight: 400;\"><span style=\"font-weight: 400;\">Autor de 42 publicaciones en Revistas Nacionales e Internacionales<\/span><\/li>\n<\/ul>\n<p><b><br \/>\nActividad Profesional<\/b><\/p>\n<ul>\n<li style=\"font-weight: 400;\"><span style=\"font-weight: 400;\">Pr\u00e1ctica privada<\/span><\/li>\n<li style=\"font-weight: 400;\"><span style=\"font-weight: 400;\">Director del \u201cInstitut Odontolog\u00eda Integral Barcelona\u201d<\/span><\/li>\n<\/ul>\n<p>&nbsp;<\/p>","protected":false},"excerpt":{"rendered":"<p>Dr. Esteban Padull\u00e9s i Roig &nbsp; Curriculum Licenciado en Medicina y Cirug\u00eda.(MD) Especialista en Estomatolog\u00eda (MDD) Licenciado en Odontolog\u00eda.(DDS) Postgraduate course \u201cMastership in the areas of implantology and periodontics\u201d. New York University. College of Dentistry M\u00e1ster of the Implant Prosthodontic Section (IPS), of the ICOI. USA. Especialista en Implantolog\u00eda Oral (E.U.C.I.D). Certificado del Jurado Europeo [&hellip;]<\/p>\n","protected":false},"author":2,"featured_media":0,"parent":0,"menu_order":0,"comment_status":"closed","ping_status":"closed","template":"","meta":{"footnotes":""},"class_list":["post-462","page","type-page","status-publish","hentry"],"yoast_head":"<!-- This site is optimized with the Yoast SEO plugin v25.5 - https:\/\/yoast.com\/wordpress\/plugins\/seo\/ -->\n<title>Curr\u00edculum Esteban Padull\u00e9s-Roig - Instituto Odontolog\u00eda Integral Barcelona. Cl\u00ednica Drs. Padull\u00e9s<\/title>\n<meta name=\"robots\" content=\"index, follow, max-snippet:-1, max-image-preview:large, max-video-preview:-1\" \/>\n<link rel=\"canonical\" href=\"https:\/\/ioib.es\/es\/cv\/\" \/>\n<meta property=\"og:locale\" content=\"es_ES\" \/>\n<meta property=\"og:type\" content=\"article\" \/>\n<meta property=\"og:title\" content=\"Curr\u00edculum Esteban Padull\u00e9s-Roig - Instituto Odontolog\u00eda Integral Barcelona. Cl\u00ednica Drs. Padull\u00e9s\" \/>\n<meta property=\"og:description\" content=\"Dr. Esteban Padull\u00e9s i Roig &nbsp; Curriculum Licenciado en Medicina y Cirug\u00eda.(MD) Especialista en Estomatolog\u00eda (MDD) Licenciado en Odontolog\u00eda.(DDS) Postgraduate course \u201cMastership in the areas of implantology and periodontics\u201d. New York University. College of Dentistry M\u00e1ster of the Implant Prosthodontic Section (IPS), of the ICOI. USA. Especialista en Implantolog\u00eda Oral (E.U.C.I.D). Certificado del Jurado Europeo [&hellip;]\" \/>\n<meta property=\"og:url\" content=\"https:\/\/ioib.es\/es\/cv\/\" \/>\n<meta property=\"og:site_name\" content=\"Instituto Odontolog\u00eda Integral Barcelona. Cl\u00ednica Drs. Padull\u00e9s\" \/>\n<meta property=\"article:modified_time\" content=\"2016-03-18T09:50:37+00:00\" \/>\n<meta name=\"twitter:card\" content=\"summary_large_image\" \/>\n<meta name=\"twitter:label1\" content=\"Tiempo de lectura\" \/>\n\t<meta name=\"twitter:data1\" content=\"3 minutos\" \/>\n<script type=\"application\/ld+json\" class=\"yoast-schema-graph\">{\"@context\":\"https:\/\/schema.org\",\"@graph\":[{\"@type\":\"WebPage\",\"@id\":\"https:\/\/ioib.es\/es\/cv\/\",\"url\":\"https:\/\/ioib.es\/es\/cv\/\",\"name\":\"Curr\u00edculum Esteban Padull\u00e9s-Roig - Instituto Odontolog\u00eda Integral Barcelona. Cl\u00ednica Drs. Padull\u00e9s\",\"isPartOf\":{\"@id\":\"https:\/\/ioib.es\/es\/#website\"},\"datePublished\":\"2016-03-18T09:10:27+00:00\",\"dateModified\":\"2016-03-18T09:50:37+00:00\",\"breadcrumb\":{\"@id\":\"https:\/\/ioib.es\/es\/cv\/#breadcrumb\"},\"inLanguage\":\"es\",\"potentialAction\":[{\"@type\":\"ReadAction\",\"target\":[\"https:\/\/ioib.es\/es\/cv\/\"]}]},{\"@type\":\"BreadcrumbList\",\"@id\":\"https:\/\/ioib.es\/es\/cv\/#breadcrumb\",\"itemListElement\":[{\"@type\":\"ListItem\",\"position\":1,\"name\":\"Portada\",\"item\":\"https:\/\/ioib.es\/es\/home\/\"},{\"@type\":\"ListItem\",\"position\":2,\"name\":\"Curr\u00edculum Esteban Padull\u00e9s-Roig\"}]},{\"@type\":\"WebSite\",\"@id\":\"https:\/\/ioib.es\/es\/#website\",\"url\":\"https:\/\/ioib.es\/es\/\",\"name\":\"Instituto Odontolog\u00eda Integral Barcelona. Cl\u00ednica Drs. Padull\u00e9s\",\"description\":\"Cl\u00ednica Dental Barcelona\",\"potentialAction\":[{\"@type\":\"SearchAction\",\"target\":{\"@type\":\"EntryPoint\",\"urlTemplate\":\"https:\/\/ioib.es\/es\/?s={search_term_string}\"},\"query-input\":{\"@type\":\"PropertyValueSpecification\",\"valueRequired\":true,\"valueName\":\"search_term_string\"}}],\"inLanguage\":\"es\"}]}<\/script>\n<!-- \/ Yoast SEO plugin. -->","yoast_head_json":{"title":"Curr\u00edculum Esteban Padull\u00e9s-Roig - Instituto Odontolog\u00eda Integral Barcelona. Cl\u00ednica Drs. Padull\u00e9s","robots":{"index":"index","follow":"follow","max-snippet":"max-snippet:-1","max-image-preview":"max-image-preview:large","max-video-preview":"max-video-preview:-1"},"canonical":"https:\/\/ioib.es\/es\/cv\/","og_locale":"es_ES","og_type":"article","og_title":"Curr\u00edculum Esteban Padull\u00e9s-Roig - Instituto Odontolog\u00eda Integral Barcelona. Cl\u00ednica Drs. Padull\u00e9s","og_description":"Dr. Esteban Padull\u00e9s i Roig &nbsp; Curriculum Licenciado en Medicina y Cirug\u00eda.(MD) Especialista en Estomatolog\u00eda (MDD) Licenciado en Odontolog\u00eda.(DDS) Postgraduate course \u201cMastership in the areas of implantology and periodontics\u201d. New York University. College of Dentistry M\u00e1ster of the Implant Prosthodontic Section (IPS), of the ICOI. USA. Especialista en Implantolog\u00eda Oral (E.U.C.I.D). Certificado del Jurado Europeo [&hellip;]","og_url":"https:\/\/ioib.es\/es\/cv\/","og_site_name":"Instituto Odontolog\u00eda Integral Barcelona. Cl\u00ednica Drs. Padull\u00e9s","article_modified_time":"2016-03-18T09:50:37+00:00","twitter_card":"summary_large_image","twitter_misc":{"Tiempo de lectura":"3 minutos"},"schema":{"@context":"https:\/\/schema.org","@graph":[{"@type":"WebPage","@id":"https:\/\/ioib.es\/es\/cv\/","url":"https:\/\/ioib.es\/es\/cv\/","name":"Curr\u00edculum Esteban Padull\u00e9s-Roig - Instituto Odontolog\u00eda Integral Barcelona. Cl\u00ednica Drs. Padull\u00e9s","isPartOf":{"@id":"https:\/\/ioib.es\/es\/#website"},"datePublished":"2016-03-18T09:10:27+00:00","dateModified":"2016-03-18T09:50:37+00:00","breadcrumb":{"@id":"https:\/\/ioib.es\/es\/cv\/#breadcrumb"},"inLanguage":"es","potentialAction":[{"@type":"ReadAction","target":["https:\/\/ioib.es\/es\/cv\/"]}]},{"@type":"BreadcrumbList","@id":"https:\/\/ioib.es\/es\/cv\/#breadcrumb","itemListElement":[{"@type":"ListItem","position":1,"name":"Portada","item":"https:\/\/ioib.es\/es\/home\/"},{"@type":"ListItem","position":2,"name":"Curr\u00edculum Esteban Padull\u00e9s-Roig"}]},{"@type":"WebSite","@id":"https:\/\/ioib.es\/es\/#website","url":"https:\/\/ioib.es\/es\/","name":"Instituto Odontolog\u00eda Integral Barcelona. Cl\u00ednica Drs. Padull\u00e9s","description":"Cl\u00ednica Dental Barcelona","potentialAction":[{"@type":"SearchAction","target":{"@type":"EntryPoint","urlTemplate":"https:\/\/ioib.es\/es\/?s={search_term_string}"},"query-input":{"@type":"PropertyValueSpecification","valueRequired":true,"valueName":"search_term_string"}}],"inLanguage":"es"}]}},"_links":{"self":[{"href":"https:\/\/ioib.es\/es\/wp-json\/wp\/v2\/pages\/462","targetHints":{"allow":["GET"]}}],"collection":[{"href":"https:\/\/ioib.es\/es\/wp-json\/wp\/v2\/pages"}],"about":[{"href":"https:\/\/ioib.es\/es\/wp-json\/wp\/v2\/types\/page"}],"author":[{"embeddable":true,"href":"https:\/\/ioib.es\/es\/wp-json\/wp\/v2\/users\/2"}],"replies":[{"embeddable":true,"href":"https:\/\/ioib.es\/es\/wp-json\/wp\/v2\/comments?post=462"}],"version-history":[{"count":0,"href":"https:\/\/ioib.es\/es\/wp-json\/wp\/v2\/pages\/462\/revisions"}],"wp:attachment":[{"href":"https:\/\/ioib.es\/es\/wp-json\/wp\/v2\/media?parent=462"}],"curies":[{"name":"wp","href":"https:\/\/api.w.org\/{rel}","templated":true}]}}