{"id":465,"date":"2016-03-18T10:00:43","date_gmt":"2016-03-18T10:00:43","guid":{"rendered":"https:\/\/ioib.es\/?page_id=465"},"modified":"2016-09-03T11:43:14","modified_gmt":"2016-09-03T11:43:14","slug":"curriculum-carlota-padulles-gaspar","status":"publish","type":"page","link":"https:\/\/ioib.es\/es\/curriculum-carlota-padulles-gaspar\/","title":{"rendered":"Curr\u00edculum Carlota Padull\u00e9s-Gaspar"},"content":{"rendered":"<p><strong>Curriculum<\/strong><\/p>\n<ul>\n<li><span style=\"font-weight: 400;\">Licenciada en Odontolog\u00eda por la Universidad de Barcelona (2004-2009)<\/span><\/li>\n<li><span style=\"font-weight: 400;\">Premio extraordinario de Licenciatura<\/span><\/li>\n<li><span style=\"font-weight: 400;\">Titulo en radiobiolog\u00eda y radioprotecci\u00f3n por la UB (08\/09)<\/span><\/li>\n<li><span style=\"font-weight: 400;\">Diploma de postgrado en pr\u00f3tesis sobre implantes por la EFOI (09\/10)<\/span><\/li>\n<li><span style=\"font-weight: 400;\">Diploma de postgrado en cirug\u00eda implantol\u00f3gica por la EFOI (09\/10)<\/span><\/li>\n<li><span style=\"font-weight: 400;\">Postgrado en est\u00e9tica dental avanzada por la SCOE (09\/10)<\/span><\/li>\n<li><span style=\"font-weight: 400;\">Posgrado en endodoncia por la SCOE (10\/11)<\/span><\/li>\n<li><span style=\"font-weight: 400;\">Estancia Quir\u00fargica en Cirug\u00eda Implantol\u00f3gica &#8211; Surgical Maxi Residency,\u00a0<\/span><span style=\"font-weight: 400;\">Universidad Nacional Pedro Henriquez de Ure\u00f1a. American Academy of Implant Prosthodontics. Quntum Institute. 70 Horas Lectivas.\u00a0<\/span><span style=\"font-weight: 400;\">Acreditada por la Sociedad Espa\u00f1ola de Implantes y la Academia Internacional de Odontolog\u00eda Integral.\u00a0<\/span><span style=\"font-weight: 400;\">Sto.\u00a0Domingo.\u00a0Republica\u00a0Dominicana.\u00a0Marzo-Abril (2011)<\/span><\/li>\n<li><span style=\"font-weight: 400;\">Posgraduate in Comprehensive Dentistry by New York University College of Dentistry (11\/12)<\/span><\/li>\n<li><span style=\"font-weight: 400;\">Posgraduate in Periodontics by New York Unversity College of Dentistry (12\/13)<\/span><\/li>\n<li><span style=\"font-weight: 400;\">Certificate of Nitrous Oxide Administration Training in New York University College of Dentistry (2012)<\/span><\/li>\n<li><span style=\"font-weight: 400;\">Estancia quir\u00fargica en Cirug\u00eda implantol\u00f3gica y cirug\u00eda avanzada \u2013 XIV Curso internacional intensivo de implantolog\u00eda y cirug\u00eda avanzada (ABO \u2013 Asociaci\u00f3n brasile\u00f1a de odontolog\u00eda) (2014)<\/span><\/li>\n<li><span style=\"font-weight: 400;\"><span style=\"font-weight: 400;\">Posgrado en cirug\u00eda mucogingival por el Dr Zuchelli (Koine Ib\u00e9rica) \u00a0(2015)<\/span><\/span><\/li>\n<\/ul>\n<p>&nbsp;<\/p>\n<p><b>Docencia<\/b><\/p>\n<ul>\n<li style=\"font-weight: 400;\"><span style=\"font-weight: 400;\">Profesora asociada en el \u00e1rea de Odontolog\u00eda Integrada de la Universidad Internacional de Catalunya (UIC)<\/span><\/li>\n<li style=\"font-weight: 400;\"><span style=\"font-weight: 400;\">XVI Simposi d\u00d3dontoestomatologia per Higienistes i Auxiliars dentals: Conferencia: \u201cBifosfonatos en Odontolog\u00eda\u201d 22-Noviembre-2014<\/span><\/li>\n<li style=\"font-weight: 400;\"><span style=\"font-weight: 400;\">FDM. Jornadas para Higienistas. Conferencia: \u201cBlanqueamiento\u201d Mayo 2015-12-27<\/span><\/li>\n<li style=\"font-weight: 400;\"><span style=\"font-weight: 400;\">Colegio de Odont\u00f3logos de Zaragoza. Curso: \u201cManejo del paciente periodontal: Papel del personal auxiliar en el cumplimiento del tratamiento\u201d 24 Octubre 2015<\/span><\/li>\n<\/ul>\n<p>&nbsp;<\/p>\n<p><b>Publicaciones<\/b><\/p>\n<ul>\n<li><span style=\"font-weight: 400;\">Co autora del Cap\u00edtulo 2 \u201cTejidos que rodean dientes e implantes\u201d<\/span><\/li>\n<li><i><span style=\"font-weight: 400;\">E.Padull\u00e9s-Roig, G. Sancho Bregante, J. Nart Molina, JM\u00aa. \u00a0Arano Sesma, F. Torres Lear, C. Padull\u00e9s Gaspar. <\/span><\/i><span style=\"font-weight: 400;\">Del Libro: \u201cPatolog\u00eda Periimplantaria Vol. 1: Prevenci\u00f3n y Mantenimiento. Exploraci\u00f3n, Diagn\u00f3stico, Mantenimiento.\u201d Ediciones Europeas Especializadas. Barcelona 2013. ISBN: 978-84-941739-3-6.<\/span><\/li>\n<li><span style=\"font-weight: 400;\">Co autora del Cap\u00edtulo 3 \u201cProtesis sobre implantes\u201d <\/span><i><span style=\"font-weight: 400;\">E.Padull\u00e9s-Roig, JM\u00aa Arano Sesma, C. Padull\u00e9s Gaspar. <\/span><\/i><span style=\"font-weight: 400;\">Del Libro: \u201cPatolog\u00eda Periimplantaria Vol. 1: Prevenci\u00f3n y Mantenimiento. Exploraci\u00f3n, Diagn\u00f3stico, Mantenimiento.\u201d Ediciones Europeas Especializadas. Barcelona 2013. ISBN: 978-84-941739-3-6.<\/span><\/li>\n<li><span style=\"font-weight: 400;\">Co autora del Cap\u00edtulo 4 \u201cT\u00e9cnicas de exploraci\u00f2n y diagn\u00f2stico\u00bb 2013.\u00a0<\/span><i><span style=\"font-weight: 400;\">\u00a0Padull\u00e9s-Roig, F. Torres Lear, B. Bermejo, C. Padull\u00e9s Gaspar. <\/span><\/i><span style=\"font-weight: 400;\">Del Libro: \u201cPatolog\u00eda Periimplantaria Vol. 1: Prevenci\u00f3n y Mantenimiento. Exploraci\u00f3n, Diagn\u00f3stico, Mantenimiento.\u201d Ediciones Europeas Especializadas. Barcelona 2013. ISBN: 978-84-941739-3-6.<\/span><\/li>\n<li><span style=\"font-weight: 400;\">Co autora del Cap\u00edtulo 8 \u201cHerramientas y tecnicas profesionales de mantenimiento \u201c<\/span><i><span style=\"font-weight: 400;\">E. Padull\u00e9s-Roig, F. Torres Lear, C. Padull\u00e9s-Gaspar, . <\/span><\/i><span style=\"font-weight: 400;\">Del Libro: \u201cPatolog\u00eda Periimplantaria Vol. 1: Prevenci\u00f3n y Mantenimiento. Exploraci\u00f3n, Diagn\u00f3stico, Mantenimiento.\u201d Ediciones Europeas Especializadas. Barcelona 2013. ISBN: 978-84-941739-3-6.<\/span><\/li>\n<li><span style=\"font-weight: 400;\">\u201cOpciones de retenci\u00f3n en pr\u00f3tesis fija sobre implantes\u201d<\/span><i><span style=\"font-weight: 400;\">Padull\u00e9s i Roig,E.; Arano Sesma, A.; Padull\u00e9s Gaspar, C<\/span><\/i><span style=\"font-weight: 400;\">.Revista Espa\u00f1ola Odontoestomatol\u00f3gica de Implantes Num. 3. Vol XV. Sept. 2007 ;145-157<\/span><\/li>\n<li><span style=\"font-weight: 400;\">\u201cPeriimplantitis, protocolo de tratamiento clinico. A prop\u00f3sito de un caso\u201d <\/span><i><span style=\"font-weight: 400;\">Padull\u00e9s i Roig. E.; Arano Sesma. JM\u00aa.; Padull\u00e9s Gaspar, Carlota <\/span><\/i><span style=\"font-weight: 400;\">Revista Espa\u00f1ola Odontoestomatol\u00f3gica de Implantes.2009;17(1);231-241.<\/span><\/li>\n<\/ul>\n<p><\/p>","protected":false},"excerpt":{"rendered":"<p>Curriculum Licenciada en Odontolog\u00eda por la Universidad de Barcelona (2004-2009) Premio extraordinario de Licenciatura Titulo en radiobiolog\u00eda y radioprotecci\u00f3n por la UB (08\/09) Diploma de postgrado en pr\u00f3tesis sobre implantes por la EFOI (09\/10) Diploma de postgrado en cirug\u00eda implantol\u00f3gica por la EFOI (09\/10) Postgrado en est\u00e9tica dental avanzada por la SCOE (09\/10) Posgrado en [&hellip;]<\/p>\n","protected":false},"author":2,"featured_media":0,"parent":0,"menu_order":0,"comment_status":"closed","ping_status":"closed","template":"","meta":{"footnotes":""},"class_list":["post-465","page","type-page","status-publish","hentry"],"yoast_head":"<!-- This site is optimized with the Yoast SEO plugin v25.5 - https:\/\/yoast.com\/wordpress\/plugins\/seo\/ -->\n<title>Curr\u00edculum Carlota Padull\u00e9s-Gaspar - Instituto Odontolog\u00eda Integral Barcelona. Cl\u00ednica Drs. Padull\u00e9s<\/title>\n<meta name=\"robots\" content=\"index, follow, max-snippet:-1, max-image-preview:large, max-video-preview:-1\" \/>\n<link rel=\"canonical\" href=\"https:\/\/ioib.es\/es\/curriculum-carlota-padulles-gaspar\/\" \/>\n<meta property=\"og:locale\" content=\"es_ES\" \/>\n<meta property=\"og:type\" content=\"article\" \/>\n<meta property=\"og:title\" content=\"Curr\u00edculum Carlota Padull\u00e9s-Gaspar - Instituto Odontolog\u00eda Integral Barcelona. Cl\u00ednica Drs. Padull\u00e9s\" \/>\n<meta property=\"og:description\" content=\"Curriculum Licenciada en Odontolog\u00eda por la Universidad de Barcelona (2004-2009) Premio extraordinario de Licenciatura Titulo en radiobiolog\u00eda y radioprotecci\u00f3n por la UB (08\/09) Diploma de postgrado en pr\u00f3tesis sobre implantes por la EFOI (09\/10) Diploma de postgrado en cirug\u00eda implantol\u00f3gica por la EFOI (09\/10) Postgrado en est\u00e9tica dental avanzada por la SCOE (09\/10) Posgrado en [&hellip;]\" \/>\n<meta property=\"og:url\" content=\"https:\/\/ioib.es\/es\/curriculum-carlota-padulles-gaspar\/\" \/>\n<meta property=\"og:site_name\" content=\"Instituto Odontolog\u00eda Integral Barcelona. Cl\u00ednica Drs. Padull\u00e9s\" \/>\n<meta property=\"article:modified_time\" content=\"2016-09-03T11:43:14+00:00\" \/>\n<meta name=\"twitter:card\" content=\"summary_large_image\" \/>\n<meta name=\"twitter:label1\" content=\"Tiempo de lectura\" \/>\n\t<meta name=\"twitter:data1\" content=\"3 minutos\" \/>\n<script type=\"application\/ld+json\" class=\"yoast-schema-graph\">{\"@context\":\"https:\/\/schema.org\",\"@graph\":[{\"@type\":\"WebPage\",\"@id\":\"https:\/\/ioib.es\/es\/curriculum-carlota-padulles-gaspar\/\",\"url\":\"https:\/\/ioib.es\/es\/curriculum-carlota-padulles-gaspar\/\",\"name\":\"Curr\u00edculum Carlota Padull\u00e9s-Gaspar - Instituto Odontolog\u00eda Integral Barcelona. Cl\u00ednica Drs. Padull\u00e9s\",\"isPartOf\":{\"@id\":\"https:\/\/ioib.es\/es\/#website\"},\"datePublished\":\"2016-03-18T10:00:43+00:00\",\"dateModified\":\"2016-09-03T11:43:14+00:00\",\"breadcrumb\":{\"@id\":\"https:\/\/ioib.es\/es\/curriculum-carlota-padulles-gaspar\/#breadcrumb\"},\"inLanguage\":\"es\",\"potentialAction\":[{\"@type\":\"ReadAction\",\"target\":[\"https:\/\/ioib.es\/es\/curriculum-carlota-padulles-gaspar\/\"]}]},{\"@type\":\"BreadcrumbList\",\"@id\":\"https:\/\/ioib.es\/es\/curriculum-carlota-padulles-gaspar\/#breadcrumb\",\"itemListElement\":[{\"@type\":\"ListItem\",\"position\":1,\"name\":\"Portada\",\"item\":\"https:\/\/ioib.es\/es\/home\/\"},{\"@type\":\"ListItem\",\"position\":2,\"name\":\"Curr\u00edculum Carlota Padull\u00e9s-Gaspar\"}]},{\"@type\":\"WebSite\",\"@id\":\"https:\/\/ioib.es\/es\/#website\",\"url\":\"https:\/\/ioib.es\/es\/\",\"name\":\"Instituto Odontolog\u00eda Integral Barcelona. Cl\u00ednica Drs. Padull\u00e9s\",\"description\":\"Cl\u00ednica Dental Barcelona\",\"potentialAction\":[{\"@type\":\"SearchAction\",\"target\":{\"@type\":\"EntryPoint\",\"urlTemplate\":\"https:\/\/ioib.es\/es\/?s={search_term_string}\"},\"query-input\":{\"@type\":\"PropertyValueSpecification\",\"valueRequired\":true,\"valueName\":\"search_term_string\"}}],\"inLanguage\":\"es\"}]}<\/script>\n<!-- \/ Yoast SEO plugin. -->","yoast_head_json":{"title":"Curr\u00edculum Carlota Padull\u00e9s-Gaspar - Instituto Odontolog\u00eda Integral Barcelona. Cl\u00ednica Drs. Padull\u00e9s","robots":{"index":"index","follow":"follow","max-snippet":"max-snippet:-1","max-image-preview":"max-image-preview:large","max-video-preview":"max-video-preview:-1"},"canonical":"https:\/\/ioib.es\/es\/curriculum-carlota-padulles-gaspar\/","og_locale":"es_ES","og_type":"article","og_title":"Curr\u00edculum Carlota Padull\u00e9s-Gaspar - Instituto Odontolog\u00eda Integral Barcelona. Cl\u00ednica Drs. Padull\u00e9s","og_description":"Curriculum Licenciada en Odontolog\u00eda por la Universidad de Barcelona (2004-2009) Premio extraordinario de Licenciatura Titulo en radiobiolog\u00eda y radioprotecci\u00f3n por la UB (08\/09) Diploma de postgrado en pr\u00f3tesis sobre implantes por la EFOI (09\/10) Diploma de postgrado en cirug\u00eda implantol\u00f3gica por la EFOI (09\/10) Postgrado en est\u00e9tica dental avanzada por la SCOE (09\/10) Posgrado en [&hellip;]","og_url":"https:\/\/ioib.es\/es\/curriculum-carlota-padulles-gaspar\/","og_site_name":"Instituto Odontolog\u00eda Integral Barcelona. Cl\u00ednica Drs. Padull\u00e9s","article_modified_time":"2016-09-03T11:43:14+00:00","twitter_card":"summary_large_image","twitter_misc":{"Tiempo de lectura":"3 minutos"},"schema":{"@context":"https:\/\/schema.org","@graph":[{"@type":"WebPage","@id":"https:\/\/ioib.es\/es\/curriculum-carlota-padulles-gaspar\/","url":"https:\/\/ioib.es\/es\/curriculum-carlota-padulles-gaspar\/","name":"Curr\u00edculum Carlota Padull\u00e9s-Gaspar - Instituto Odontolog\u00eda Integral Barcelona. Cl\u00ednica Drs. Padull\u00e9s","isPartOf":{"@id":"https:\/\/ioib.es\/es\/#website"},"datePublished":"2016-03-18T10:00:43+00:00","dateModified":"2016-09-03T11:43:14+00:00","breadcrumb":{"@id":"https:\/\/ioib.es\/es\/curriculum-carlota-padulles-gaspar\/#breadcrumb"},"inLanguage":"es","potentialAction":[{"@type":"ReadAction","target":["https:\/\/ioib.es\/es\/curriculum-carlota-padulles-gaspar\/"]}]},{"@type":"BreadcrumbList","@id":"https:\/\/ioib.es\/es\/curriculum-carlota-padulles-gaspar\/#breadcrumb","itemListElement":[{"@type":"ListItem","position":1,"name":"Portada","item":"https:\/\/ioib.es\/es\/home\/"},{"@type":"ListItem","position":2,"name":"Curr\u00edculum Carlota Padull\u00e9s-Gaspar"}]},{"@type":"WebSite","@id":"https:\/\/ioib.es\/es\/#website","url":"https:\/\/ioib.es\/es\/","name":"Instituto Odontolog\u00eda Integral Barcelona. Cl\u00ednica Drs. Padull\u00e9s","description":"Cl\u00ednica Dental Barcelona","potentialAction":[{"@type":"SearchAction","target":{"@type":"EntryPoint","urlTemplate":"https:\/\/ioib.es\/es\/?s={search_term_string}"},"query-input":{"@type":"PropertyValueSpecification","valueRequired":true,"valueName":"search_term_string"}}],"inLanguage":"es"}]}},"_links":{"self":[{"href":"https:\/\/ioib.es\/es\/wp-json\/wp\/v2\/pages\/465","targetHints":{"allow":["GET"]}}],"collection":[{"href":"https:\/\/ioib.es\/es\/wp-json\/wp\/v2\/pages"}],"about":[{"href":"https:\/\/ioib.es\/es\/wp-json\/wp\/v2\/types\/page"}],"author":[{"embeddable":true,"href":"https:\/\/ioib.es\/es\/wp-json\/wp\/v2\/users\/2"}],"replies":[{"embeddable":true,"href":"https:\/\/ioib.es\/es\/wp-json\/wp\/v2\/comments?post=465"}],"version-history":[{"count":0,"href":"https:\/\/ioib.es\/es\/wp-json\/wp\/v2\/pages\/465\/revisions"}],"wp:attachment":[{"href":"https:\/\/ioib.es\/es\/wp-json\/wp\/v2\/media?parent=465"}],"curies":[{"name":"wp","href":"https:\/\/api.w.org\/{rel}","templated":true}]}}