{"id":467,"date":"2016-03-18T10:12:10","date_gmt":"2016-03-18T10:12:10","guid":{"rendered":"https:\/\/ioib.es\/?page_id=467"},"modified":"2016-03-22T11:52:15","modified_gmt":"2016-03-22T11:52:15","slug":"curriculum-marta-pala-ramos","status":"publish","type":"page","link":"https:\/\/ioib.es\/es\/curriculum-marta-pala-ramos\/","title":{"rendered":"Curr\u00edculum Marta Pala Ramos"},"content":{"rendered":"<p>&nbsp;<\/p>\n<p><strong>Curriculum<\/strong><\/p>\n<ul>\n<li><span style=\"font-weight: 400;\">M\u00e1ster de ortodoncia por la Universidad Aut\u00f3noma de Barcelona (04\/07)<\/span><\/li>\n<li><span style=\"font-weight: 400;\">Licenciada en odontolog\u00eda por la Universidad de Barcelona (98\/03)<\/span><\/li>\n<li><span style=\"font-weight: 400;\">Postgrado de integrada en adutos (UB). Dr. Jos\u00e9 Javier Echeverr\u00eda (2003)<\/span><\/li>\n<\/ul>\n<p>&nbsp;<\/p>\n<p><b>Certificaciones<\/b><\/p>\n<ul>\n<li><span style=\"font-weight: 400;\">Certificaci\u00f3n en invisalign. Categor\u00eda Gold en invisalign<\/span><\/li>\n<li><span style=\"font-weight: 400;\">Certificaci\u00f3n en ortodoncia lingual inc\u00f3gnito.<\/span><\/li>\n<li><span style=\"font-weight: 400;\">Miembro afiliado a la Sedo<\/span><\/li>\n<\/ul>\n<p>&nbsp;<\/p>\n<p><b>Formaci\u00f3n complementaria<\/b><\/p>\n<ul>\n<li style=\"font-weight: 400;\"><span style=\"font-weight: 400;\">Sedo invierno.Tratamiento temprano de la mordida cruzada anterior y posterior\u00a0(noviembre 2015)<\/span><\/li>\n<li style=\"font-weight: 400;\"><span style=\"font-weight: 400;\">Curso cirug\u00eda ortogn\u00e1tica. Dra.Marina Poblaci\u00f3n. Curso modular (2014)<\/span><\/li>\n<li style=\"font-weight: 400;\"><span style=\"font-weight: 400;\">Master Class Invisalign. Joan Raga. Curso modular (2013)<\/span><\/li>\n<li style=\"font-weight: 400;\"><span style=\"font-weight: 400;\">Ciclo completo RNO Pedro Planas. Curso Modular (2012)<\/span><\/li>\n<li style=\"font-weight: 400;\"><span style=\"font-weight: 400;\">Programa Modular de ortodoncia cl\u00ednica avanzada. Dr. Arturo Vela . Curso modular (10\/11)<\/span><\/li>\n<li style=\"font-weight: 400;\"><span style=\"font-weight: 400;\">II Jornadas de actualizaci\u00f3n en Sistema Damon. Curso modular (2011)<\/span><\/li>\n<li style=\"font-weight: 400;\"><span style=\"font-weight: 400;\">Reuni\u00f3n SEDO: Diagn\u00f3stico y tratamiento del canino maxilar incluido. Una puesta al d\u00eda (2010)<\/span><\/li>\n<li style=\"font-weight: 400;\"><span style=\"font-weight: 400;\">VII Simposio internacional de la asociaci\u00f3n iberoamericana de ortodoncistas (2010)\u00a0<\/span><\/li>\n<li style=\"font-weight: 400;\"><span style=\"font-weight: 400;\">\u00a0M\u00f3dulo III y IV de ortodoncia y \u00a0cirug\u00eda ortogn\u00e1tica. UIC (2010)<\/span><\/li>\n<li style=\"font-weight: 400;\"><span style=\"font-weight: 400;\">I Congreso Damon Espa\u00f1a (2009)<\/span><\/li>\n<li style=\"font-weight: 400;\"><span style=\"font-weight: 400;\">INCOGNITO certification course. Dr. Wiechmann (2009)<\/span><\/li>\n<li style=\"font-weight: 400;\"><span style=\"font-weight: 400;\">Curso de certificaci\u00f3n INVISALIGN. (2009)<\/span><\/li>\n<li style=\"font-weight: 400;\"><i><span style=\"font-weight: 400;\">M\u00e1ster Damon<\/span><\/i><b>.<\/b><span style=\"font-weight: 400;\"> Dr. Garc\u00eda Espejo. Dr Perera (07\/08)<\/span><\/li>\n<li style=\"font-weight: 400;\"><span style=\"font-weight: 400;\">1\u00ba Congreso espa\u00f1ol sistema Damon (2009)<\/span><\/li>\n<li style=\"font-weight: 400;\"><span style=\"font-weight: 400;\">4\u00ba Symposium Damon System Rome (2008)<\/span><\/li>\n<li style=\"font-weight: 400;\"><span style=\"font-weight: 400;\">Curso de rehabilitaci\u00f3n neuro-oclusal: prevenci\u00f3n de las maloclusiones desde los 3 a\u00f1os. Asociaci\u00f3n espa\u00f1ola Pedro Planas (2006)<\/span><\/li>\n<li style=\"font-weight: 400;\"><span style=\"font-weight: 400;\">Curso te\u00f3rico pr\u00e1ctico de microtornillos. Andreu Puigdollers (2006)<\/span><\/li>\n<li style=\"font-weight: 400;\"><i><span style=\"font-weight: 400;\">Ortodoncia Bioestetica para el tercer milenio, Filosofia del Dr Roth (2006)<\/span><\/i><\/li>\n<li style=\"font-weight: 400;\"><span style=\"font-weight: 400;\">Herbst de bisagra oclusal. Dr. Vela (2005)<\/span><\/li>\n<li style=\"font-weight: 400;\"><i><span style=\"font-weight: 400;\">Curso de diagn\u00f3stico y tratamiento de la patolog\u00eda disfuncional de la articulaci\u00f3n temporomandibular<\/span><\/i><span style=\"font-weight: 400;\">. \u00a0Prof.Dr. Jeffrey P. Okeson. (2004)<\/span><\/li>\n<li style=\"font-weight: 400;\"><i><span style=\"font-weight: 400;\">Curso \u00a0MFS<\/span><\/i><span style=\"font-weight: 400;\">. \u00a0\u00a0Dr. J. Duran Von Arx (2004)<i>\u00a0\u00a0<\/i><\/span><\/li>\n<li style=\"font-weight: 400;\"><i><span style=\"font-weight: 400;\">Curso para dirigir instalaciones de radiodiagn\u00f3stico dental<\/span><\/i><span style=\"font-weight: 400;\">. COEC (2003)<\/span><\/li>\n<li style=\"font-weight: 400;\"><i><span style=\"font-weight: 400;\">Curso Odontolog\u00eda Integrada<\/span><\/i><span style=\"font-weight: 400;\">. \u00a0Dr. Jos\u00e9 Javier Echeverr\u00eda (2003)<\/span><\/li>\n<li style=\"font-weight: 400;\"><i><span style=\"font-weight: 400;\">Seminario implantolog\u00eda bucofacial<\/span><\/i><span style=\"font-weight: 400;\">. \u00a0Dr. Cosme Gay Escoda. (2002)<\/span><\/li>\n<li style=\"font-weight: 400;\"><span style=\"font-weight: 400;\">Desde la teor\u00eda a la pr\u00e1ctica: <\/span><i><span style=\"font-weight: 400;\">Como abrir una primera cl\u00ednica dental<\/span><\/i><span style=\"font-weight: 400;\">\/ \u00ab<\/span><i><span style=\"font-weight: 400;\">Trucs truquets i trucots en odontologia pr\u00e1ctica\u00bb\/ Evaluaci\u00f3n de las utilidades del microscopio en odontolog\u00eda. video<\/span><\/i><span style=\"font-weight: 400;\">\/. \u00a0Prof. Dr. Carlo-Maria Gallucci i Dr Eduard Padr\u00f3s Fradera. (2002)<\/span><\/li>\n<li style=\"font-weight: 400;\"><i><span style=\"font-weight: 400;\">Simposio sobre caries radicular<\/span><\/i><span style=\"font-weight: 400;\">. \u00a0Dr. Carles Mendieta Fiter. (2002)<\/span><\/li>\n<li style=\"font-weight: 400;\"><i><span style=\"font-weight: 400;\">Seminario anestesia odontol\u00f3gica y dolor bucofacial<\/span><\/i><span style=\"font-weight: 400;\">. Dr. Cosme Gay Escoda. Prof. Dr. Leonardo Berini Ayt\u00e9s (2000)\u00a0<\/span><\/li>\n<li style=\"font-weight: 400;\"><i><span style=\"font-weight: 400;\">Seminario \u00a0implantolog\u00eda y patolog\u00eda<\/span><\/i><span style=\"font-weight: 400;\"> bucal. Dr. Cosme Gay Escoda. Prof. Dr. Jos\u00e9 Vicente Bag\u00e1n Sebasti\u00e1n (2001)<\/span><\/li>\n<\/ul>\n<p><\/p>","protected":false},"excerpt":{"rendered":"<p>&nbsp; Curriculum M\u00e1ster de ortodoncia por la Universidad Aut\u00f3noma de Barcelona (04\/07) Licenciada en odontolog\u00eda por la Universidad de Barcelona (98\/03) Postgrado de integrada en adutos (UB). Dr. Jos\u00e9 Javier Echeverr\u00eda (2003) &nbsp; Certificaciones Certificaci\u00f3n en invisalign. Categor\u00eda Gold en invisalign Certificaci\u00f3n en ortodoncia lingual inc\u00f3gnito. Miembro afiliado a la Sedo &nbsp; Formaci\u00f3n complementaria Sedo [&hellip;]<\/p>\n","protected":false},"author":2,"featured_media":0,"parent":0,"menu_order":0,"comment_status":"closed","ping_status":"closed","template":"","meta":{"footnotes":""},"class_list":["post-467","page","type-page","status-publish","hentry"],"yoast_head":"<!-- This site is optimized with the Yoast SEO plugin v25.5 - https:\/\/yoast.com\/wordpress\/plugins\/seo\/ -->\n<title>Curr\u00edculum Marta Pala Ramos - Instituto Odontolog\u00eda Integral Barcelona. Cl\u00ednica Drs. Padull\u00e9s<\/title>\n<meta name=\"robots\" content=\"index, follow, max-snippet:-1, max-image-preview:large, max-video-preview:-1\" \/>\n<link rel=\"canonical\" href=\"https:\/\/ioib.es\/es\/curriculum-marta-pala-ramos\/\" \/>\n<meta property=\"og:locale\" content=\"es_ES\" \/>\n<meta property=\"og:type\" content=\"article\" \/>\n<meta property=\"og:title\" content=\"Curr\u00edculum Marta Pala Ramos - Instituto Odontolog\u00eda Integral Barcelona. Cl\u00ednica Drs. Padull\u00e9s\" \/>\n<meta property=\"og:description\" content=\"&nbsp; Curriculum M\u00e1ster de ortodoncia por la Universidad Aut\u00f3noma de Barcelona (04\/07) Licenciada en odontolog\u00eda por la Universidad de Barcelona (98\/03) Postgrado de integrada en adutos (UB). Dr. Jos\u00e9 Javier Echeverr\u00eda (2003) &nbsp; Certificaciones Certificaci\u00f3n en invisalign. Categor\u00eda Gold en invisalign Certificaci\u00f3n en ortodoncia lingual inc\u00f3gnito. Miembro afiliado a la Sedo &nbsp; Formaci\u00f3n complementaria Sedo [&hellip;]\" \/>\n<meta property=\"og:url\" content=\"https:\/\/ioib.es\/es\/curriculum-marta-pala-ramos\/\" \/>\n<meta property=\"og:site_name\" content=\"Instituto Odontolog\u00eda Integral Barcelona. Cl\u00ednica Drs. Padull\u00e9s\" \/>\n<meta property=\"article:modified_time\" content=\"2016-03-22T11:52:15+00:00\" \/>\n<meta name=\"twitter:card\" content=\"summary_large_image\" \/>\n<meta name=\"twitter:label1\" content=\"Tiempo de lectura\" \/>\n\t<meta name=\"twitter:data1\" content=\"2 minutos\" \/>\n<script type=\"application\/ld+json\" class=\"yoast-schema-graph\">{\"@context\":\"https:\/\/schema.org\",\"@graph\":[{\"@type\":\"WebPage\",\"@id\":\"https:\/\/ioib.es\/es\/curriculum-marta-pala-ramos\/\",\"url\":\"https:\/\/ioib.es\/es\/curriculum-marta-pala-ramos\/\",\"name\":\"Curr\u00edculum Marta Pala Ramos - Instituto Odontolog\u00eda Integral Barcelona. Cl\u00ednica Drs. Padull\u00e9s\",\"isPartOf\":{\"@id\":\"https:\/\/ioib.es\/es\/#website\"},\"datePublished\":\"2016-03-18T10:12:10+00:00\",\"dateModified\":\"2016-03-22T11:52:15+00:00\",\"breadcrumb\":{\"@id\":\"https:\/\/ioib.es\/es\/curriculum-marta-pala-ramos\/#breadcrumb\"},\"inLanguage\":\"es\",\"potentialAction\":[{\"@type\":\"ReadAction\",\"target\":[\"https:\/\/ioib.es\/es\/curriculum-marta-pala-ramos\/\"]}]},{\"@type\":\"BreadcrumbList\",\"@id\":\"https:\/\/ioib.es\/es\/curriculum-marta-pala-ramos\/#breadcrumb\",\"itemListElement\":[{\"@type\":\"ListItem\",\"position\":1,\"name\":\"Portada\",\"item\":\"https:\/\/ioib.es\/es\/home\/\"},{\"@type\":\"ListItem\",\"position\":2,\"name\":\"Curr\u00edculum Marta Pala Ramos\"}]},{\"@type\":\"WebSite\",\"@id\":\"https:\/\/ioib.es\/es\/#website\",\"url\":\"https:\/\/ioib.es\/es\/\",\"name\":\"Instituto Odontolog\u00eda Integral Barcelona. Cl\u00ednica Drs. Padull\u00e9s\",\"description\":\"Cl\u00ednica Dental Barcelona\",\"potentialAction\":[{\"@type\":\"SearchAction\",\"target\":{\"@type\":\"EntryPoint\",\"urlTemplate\":\"https:\/\/ioib.es\/es\/?s={search_term_string}\"},\"query-input\":{\"@type\":\"PropertyValueSpecification\",\"valueRequired\":true,\"valueName\":\"search_term_string\"}}],\"inLanguage\":\"es\"}]}<\/script>\n<!-- \/ Yoast SEO plugin. -->","yoast_head_json":{"title":"Curr\u00edculum Marta Pala Ramos - Instituto Odontolog\u00eda Integral Barcelona. Cl\u00ednica Drs. Padull\u00e9s","robots":{"index":"index","follow":"follow","max-snippet":"max-snippet:-1","max-image-preview":"max-image-preview:large","max-video-preview":"max-video-preview:-1"},"canonical":"https:\/\/ioib.es\/es\/curriculum-marta-pala-ramos\/","og_locale":"es_ES","og_type":"article","og_title":"Curr\u00edculum Marta Pala Ramos - Instituto Odontolog\u00eda Integral Barcelona. Cl\u00ednica Drs. Padull\u00e9s","og_description":"&nbsp; Curriculum M\u00e1ster de ortodoncia por la Universidad Aut\u00f3noma de Barcelona (04\/07) Licenciada en odontolog\u00eda por la Universidad de Barcelona (98\/03) Postgrado de integrada en adutos (UB). Dr. Jos\u00e9 Javier Echeverr\u00eda (2003) &nbsp; Certificaciones Certificaci\u00f3n en invisalign. Categor\u00eda Gold en invisalign Certificaci\u00f3n en ortodoncia lingual inc\u00f3gnito. Miembro afiliado a la Sedo &nbsp; Formaci\u00f3n complementaria Sedo [&hellip;]","og_url":"https:\/\/ioib.es\/es\/curriculum-marta-pala-ramos\/","og_site_name":"Instituto Odontolog\u00eda Integral Barcelona. Cl\u00ednica Drs. Padull\u00e9s","article_modified_time":"2016-03-22T11:52:15+00:00","twitter_card":"summary_large_image","twitter_misc":{"Tiempo de lectura":"2 minutos"},"schema":{"@context":"https:\/\/schema.org","@graph":[{"@type":"WebPage","@id":"https:\/\/ioib.es\/es\/curriculum-marta-pala-ramos\/","url":"https:\/\/ioib.es\/es\/curriculum-marta-pala-ramos\/","name":"Curr\u00edculum Marta Pala Ramos - Instituto Odontolog\u00eda Integral Barcelona. Cl\u00ednica Drs. Padull\u00e9s","isPartOf":{"@id":"https:\/\/ioib.es\/es\/#website"},"datePublished":"2016-03-18T10:12:10+00:00","dateModified":"2016-03-22T11:52:15+00:00","breadcrumb":{"@id":"https:\/\/ioib.es\/es\/curriculum-marta-pala-ramos\/#breadcrumb"},"inLanguage":"es","potentialAction":[{"@type":"ReadAction","target":["https:\/\/ioib.es\/es\/curriculum-marta-pala-ramos\/"]}]},{"@type":"BreadcrumbList","@id":"https:\/\/ioib.es\/es\/curriculum-marta-pala-ramos\/#breadcrumb","itemListElement":[{"@type":"ListItem","position":1,"name":"Portada","item":"https:\/\/ioib.es\/es\/home\/"},{"@type":"ListItem","position":2,"name":"Curr\u00edculum Marta Pala Ramos"}]},{"@type":"WebSite","@id":"https:\/\/ioib.es\/es\/#website","url":"https:\/\/ioib.es\/es\/","name":"Instituto Odontolog\u00eda Integral Barcelona. Cl\u00ednica Drs. Padull\u00e9s","description":"Cl\u00ednica Dental Barcelona","potentialAction":[{"@type":"SearchAction","target":{"@type":"EntryPoint","urlTemplate":"https:\/\/ioib.es\/es\/?s={search_term_string}"},"query-input":{"@type":"PropertyValueSpecification","valueRequired":true,"valueName":"search_term_string"}}],"inLanguage":"es"}]}},"_links":{"self":[{"href":"https:\/\/ioib.es\/es\/wp-json\/wp\/v2\/pages\/467","targetHints":{"allow":["GET"]}}],"collection":[{"href":"https:\/\/ioib.es\/es\/wp-json\/wp\/v2\/pages"}],"about":[{"href":"https:\/\/ioib.es\/es\/wp-json\/wp\/v2\/types\/page"}],"author":[{"embeddable":true,"href":"https:\/\/ioib.es\/es\/wp-json\/wp\/v2\/users\/2"}],"replies":[{"embeddable":true,"href":"https:\/\/ioib.es\/es\/wp-json\/wp\/v2\/comments?post=467"}],"version-history":[{"count":0,"href":"https:\/\/ioib.es\/es\/wp-json\/wp\/v2\/pages\/467\/revisions"}],"wp:attachment":[{"href":"https:\/\/ioib.es\/es\/wp-json\/wp\/v2\/media?parent=467"}],"curies":[{"name":"wp","href":"https:\/\/api.w.org\/{rel}","templated":true}]}}