{"id":469,"date":"2016-03-18T10:16:24","date_gmt":"2016-03-18T10:16:24","guid":{"rendered":"https:\/\/ioib.es\/?page_id=469"},"modified":"2016-03-18T10:16:24","modified_gmt":"2016-03-18T10:16:24","slug":"curriculum-esteban-padulles-gaspar","status":"publish","type":"page","link":"https:\/\/ioib.es\/es\/curriculum-esteban-padulles-gaspar\/","title":{"rendered":"Curr\u00edculum Esteban Padull\u00e9s-Gaspar"},"content":{"rendered":"<p><strong>Curriculum<\/strong><\/p>\n<ul>\n<li><span style=\"font-weight: 400;\">Licenciado en Odontolog\u00eda por la Universidad Internacional de Catalunya (07-13)<\/span><\/li>\n<li><span style=\"font-weight: 400;\">Postgrado en est\u00e9tica dental avanzada por la SCOE (13-14)<\/span><\/li>\n<li><span style=\"font-weight: 400;\">Postgraduate in Prosthodontics by New York University College of Dentistry (14-15)<\/span><\/li>\n<li><span style=\"font-weight: 400;\">Director de instalaciones de radiodiagn\u00f3stico.<\/span><\/li>\n<li><span style=\"font-weight: 400;\">Certificate of Achievement in the Prosthodontic Laboratory Course, New York University (2014)<\/span><\/li>\n<\/ul>\n<p>&nbsp;<\/p>\n<p><b>Presentaciones<\/b><\/p>\n<ul>\n<li style=\"font-weight: 400;\"><span style=\"font-weight: 400;\">Presentaci\u00f3n de P\u00f3ster: \u201cHomeopat\u00eda en Odontolog\u00eda\u201d en el F\u00f3rum Dental Mediterr\u00e1neo <\/span><\/li>\n<li style=\"font-weight: 400;\"><span style=\"font-weight: 400;\">Presentaci\u00f3n de P\u00f3ster: Study of the ISQ evolution in 40 implants within 8 weeks of its placement ((1) Length and Width) en Megagen Simposium New York, 2015<\/span><\/li>\n<li style=\"font-weight: 400;\"><span style=\"font-weight: 400;\">Presentaci\u00f3n P\u00f3ster: Study of the ISQ evolution in 40 implants within 8 weeks of its placement ((2) Maxilla \/ Lower Maxillary) en Megagen Simposium New York, 2015<\/span><\/li>\n<\/ul>\n<p>&nbsp;<\/p>\n<p><b>Publicaciones<\/b><\/p>\n<ul>\n<li style=\"font-weight: 400;\"><span style=\"font-weight: 400;\">Colaborador en el libro: Patolog\u00eda Periimplantaria. Vol. I: Prevenci\u00f3n y Mantenimiento. Exploraci\u00f3n, Diagn\u00f3stico, Mantenimiento. Ediciones Especializadas Europeas<\/span><\/li>\n<li style=\"font-weight: 400;\"><span style=\"font-weight: 400;\">Colaborador en: Capitulo 3. Pr\u00f3tesis sobre Implantes.<\/span><\/li>\n<li style=\"font-weight: 400;\"><span style=\"font-weight: 400;\">Co-autor de Capitulo 5. Manual de Instrucciones del paciente con pr\u00f3tesis sobre implantes.<\/span><\/li>\n<\/ul>\n<p><\/p>","protected":false},"excerpt":{"rendered":"<p>Curriculum Licenciado en Odontolog\u00eda por la Universidad Internacional de Catalunya (07-13) Postgrado en est\u00e9tica dental avanzada por la SCOE (13-14) Postgraduate in Prosthodontics by New York University College of Dentistry (14-15) Director de instalaciones de radiodiagn\u00f3stico. Certificate of Achievement in the Prosthodontic Laboratory Course, New York University (2014) &nbsp; Presentaciones Presentaci\u00f3n de P\u00f3ster: \u201cHomeopat\u00eda en [&hellip;]<\/p>\n","protected":false},"author":2,"featured_media":0,"parent":0,"menu_order":0,"comment_status":"closed","ping_status":"closed","template":"","meta":{"footnotes":""},"class_list":["post-469","page","type-page","status-publish","hentry"],"yoast_head":"<!-- This site is optimized with the Yoast SEO plugin v25.5 - https:\/\/yoast.com\/wordpress\/plugins\/seo\/ -->\n<title>Curr\u00edculum Esteban Padull\u00e9s-Gaspar - Instituto Odontolog\u00eda Integral Barcelona. Cl\u00ednica Drs. Padull\u00e9s<\/title>\n<meta name=\"robots\" content=\"index, follow, max-snippet:-1, max-image-preview:large, max-video-preview:-1\" \/>\n<link rel=\"canonical\" href=\"https:\/\/ioib.es\/es\/curriculum-esteban-padulles-gaspar\/\" \/>\n<meta property=\"og:locale\" content=\"es_ES\" \/>\n<meta property=\"og:type\" content=\"article\" \/>\n<meta property=\"og:title\" content=\"Curr\u00edculum Esteban Padull\u00e9s-Gaspar - Instituto Odontolog\u00eda Integral Barcelona. Cl\u00ednica Drs. Padull\u00e9s\" \/>\n<meta property=\"og:description\" content=\"Curriculum Licenciado en Odontolog\u00eda por la Universidad Internacional de Catalunya (07-13) Postgrado en est\u00e9tica dental avanzada por la SCOE (13-14) Postgraduate in Prosthodontics by New York University College of Dentistry (14-15) Director de instalaciones de radiodiagn\u00f3stico. Certificate of Achievement in the Prosthodontic Laboratory Course, New York University (2014) &nbsp; Presentaciones Presentaci\u00f3n de P\u00f3ster: \u201cHomeopat\u00eda en [&hellip;]\" \/>\n<meta property=\"og:url\" content=\"https:\/\/ioib.es\/es\/curriculum-esteban-padulles-gaspar\/\" \/>\n<meta property=\"og:site_name\" content=\"Instituto Odontolog\u00eda Integral Barcelona. Cl\u00ednica Drs. Padull\u00e9s\" \/>\n<meta name=\"twitter:card\" content=\"summary_large_image\" \/>\n<meta name=\"twitter:label1\" content=\"Tiempo de lectura\" \/>\n\t<meta name=\"twitter:data1\" content=\"1 minuto\" \/>\n<script type=\"application\/ld+json\" class=\"yoast-schema-graph\">{\"@context\":\"https:\/\/schema.org\",\"@graph\":[{\"@type\":\"WebPage\",\"@id\":\"https:\/\/ioib.es\/es\/curriculum-esteban-padulles-gaspar\/\",\"url\":\"https:\/\/ioib.es\/es\/curriculum-esteban-padulles-gaspar\/\",\"name\":\"Curr\u00edculum Esteban Padull\u00e9s-Gaspar - Instituto Odontolog\u00eda Integral Barcelona. Cl\u00ednica Drs. Padull\u00e9s\",\"isPartOf\":{\"@id\":\"https:\/\/ioib.es\/es\/#website\"},\"datePublished\":\"2016-03-18T10:16:24+00:00\",\"breadcrumb\":{\"@id\":\"https:\/\/ioib.es\/es\/curriculum-esteban-padulles-gaspar\/#breadcrumb\"},\"inLanguage\":\"es\",\"potentialAction\":[{\"@type\":\"ReadAction\",\"target\":[\"https:\/\/ioib.es\/es\/curriculum-esteban-padulles-gaspar\/\"]}]},{\"@type\":\"BreadcrumbList\",\"@id\":\"https:\/\/ioib.es\/es\/curriculum-esteban-padulles-gaspar\/#breadcrumb\",\"itemListElement\":[{\"@type\":\"ListItem\",\"position\":1,\"name\":\"Portada\",\"item\":\"https:\/\/ioib.es\/es\/home\/\"},{\"@type\":\"ListItem\",\"position\":2,\"name\":\"Curr\u00edculum Esteban Padull\u00e9s-Gaspar\"}]},{\"@type\":\"WebSite\",\"@id\":\"https:\/\/ioib.es\/es\/#website\",\"url\":\"https:\/\/ioib.es\/es\/\",\"name\":\"Instituto Odontolog\u00eda Integral Barcelona. Cl\u00ednica Drs. Padull\u00e9s\",\"description\":\"Cl\u00ednica Dental Barcelona\",\"potentialAction\":[{\"@type\":\"SearchAction\",\"target\":{\"@type\":\"EntryPoint\",\"urlTemplate\":\"https:\/\/ioib.es\/es\/?s={search_term_string}\"},\"query-input\":{\"@type\":\"PropertyValueSpecification\",\"valueRequired\":true,\"valueName\":\"search_term_string\"}}],\"inLanguage\":\"es\"}]}<\/script>\n<!-- \/ Yoast SEO plugin. -->","yoast_head_json":{"title":"Curr\u00edculum Esteban Padull\u00e9s-Gaspar - Instituto Odontolog\u00eda Integral Barcelona. Cl\u00ednica Drs. Padull\u00e9s","robots":{"index":"index","follow":"follow","max-snippet":"max-snippet:-1","max-image-preview":"max-image-preview:large","max-video-preview":"max-video-preview:-1"},"canonical":"https:\/\/ioib.es\/es\/curriculum-esteban-padulles-gaspar\/","og_locale":"es_ES","og_type":"article","og_title":"Curr\u00edculum Esteban Padull\u00e9s-Gaspar - Instituto Odontolog\u00eda Integral Barcelona. Cl\u00ednica Drs. Padull\u00e9s","og_description":"Curriculum Licenciado en Odontolog\u00eda por la Universidad Internacional de Catalunya (07-13) Postgrado en est\u00e9tica dental avanzada por la SCOE (13-14) Postgraduate in Prosthodontics by New York University College of Dentistry (14-15) Director de instalaciones de radiodiagn\u00f3stico. Certificate of Achievement in the Prosthodontic Laboratory Course, New York University (2014) &nbsp; Presentaciones Presentaci\u00f3n de P\u00f3ster: \u201cHomeopat\u00eda en [&hellip;]","og_url":"https:\/\/ioib.es\/es\/curriculum-esteban-padulles-gaspar\/","og_site_name":"Instituto Odontolog\u00eda Integral Barcelona. Cl\u00ednica Drs. Padull\u00e9s","twitter_card":"summary_large_image","twitter_misc":{"Tiempo de lectura":"1 minuto"},"schema":{"@context":"https:\/\/schema.org","@graph":[{"@type":"WebPage","@id":"https:\/\/ioib.es\/es\/curriculum-esteban-padulles-gaspar\/","url":"https:\/\/ioib.es\/es\/curriculum-esteban-padulles-gaspar\/","name":"Curr\u00edculum Esteban Padull\u00e9s-Gaspar - Instituto Odontolog\u00eda Integral Barcelona. Cl\u00ednica Drs. Padull\u00e9s","isPartOf":{"@id":"https:\/\/ioib.es\/es\/#website"},"datePublished":"2016-03-18T10:16:24+00:00","breadcrumb":{"@id":"https:\/\/ioib.es\/es\/curriculum-esteban-padulles-gaspar\/#breadcrumb"},"inLanguage":"es","potentialAction":[{"@type":"ReadAction","target":["https:\/\/ioib.es\/es\/curriculum-esteban-padulles-gaspar\/"]}]},{"@type":"BreadcrumbList","@id":"https:\/\/ioib.es\/es\/curriculum-esteban-padulles-gaspar\/#breadcrumb","itemListElement":[{"@type":"ListItem","position":1,"name":"Portada","item":"https:\/\/ioib.es\/es\/home\/"},{"@type":"ListItem","position":2,"name":"Curr\u00edculum Esteban Padull\u00e9s-Gaspar"}]},{"@type":"WebSite","@id":"https:\/\/ioib.es\/es\/#website","url":"https:\/\/ioib.es\/es\/","name":"Instituto Odontolog\u00eda Integral Barcelona. Cl\u00ednica Drs. Padull\u00e9s","description":"Cl\u00ednica Dental Barcelona","potentialAction":[{"@type":"SearchAction","target":{"@type":"EntryPoint","urlTemplate":"https:\/\/ioib.es\/es\/?s={search_term_string}"},"query-input":{"@type":"PropertyValueSpecification","valueRequired":true,"valueName":"search_term_string"}}],"inLanguage":"es"}]}},"_links":{"self":[{"href":"https:\/\/ioib.es\/es\/wp-json\/wp\/v2\/pages\/469","targetHints":{"allow":["GET"]}}],"collection":[{"href":"https:\/\/ioib.es\/es\/wp-json\/wp\/v2\/pages"}],"about":[{"href":"https:\/\/ioib.es\/es\/wp-json\/wp\/v2\/types\/page"}],"author":[{"embeddable":true,"href":"https:\/\/ioib.es\/es\/wp-json\/wp\/v2\/users\/2"}],"replies":[{"embeddable":true,"href":"https:\/\/ioib.es\/es\/wp-json\/wp\/v2\/comments?post=469"}],"version-history":[{"count":0,"href":"https:\/\/ioib.es\/es\/wp-json\/wp\/v2\/pages\/469\/revisions"}],"wp:attachment":[{"href":"https:\/\/ioib.es\/es\/wp-json\/wp\/v2\/media?parent=469"}],"curies":[{"name":"wp","href":"https:\/\/api.w.org\/{rel}","templated":true}]}}