{"id":471,"date":"2016-03-18T10:20:22","date_gmt":"2016-03-18T10:20:22","guid":{"rendered":"https:\/\/ioib.es\/?page_id=471"},"modified":"2016-03-18T10:20:22","modified_gmt":"2016-03-18T10:20:22","slug":"curriculum-araceli-gaspar","status":"publish","type":"page","link":"https:\/\/ioib.es\/es\/curriculum-araceli-gaspar\/","title":{"rendered":"Curr\u00edculum Araceli Gaspar"},"content":{"rendered":"<p><strong>Curriculum<\/strong><\/p>\n<ul>\n<li style=\"font-weight: 400;\"><span style=\"font-weight: 400;\">Licenciada en Ciencias Biologicas, Universidad de Barcelona<\/span><\/li>\n<li style=\"font-weight: 400;\"><span style=\"font-weight: 400;\">Grado de Licenciatura, Universidad de Barcelona (1982)<\/span><\/li>\n<li style=\"font-weight: 400;\"><span style=\"font-weight: 400;\">Certificado de Aptitud Pedago\u0301gica ICE, Universidad de Barcelona (1983)<\/span><\/li>\n<li style=\"font-weight: 400;\"><span style=\"font-weight: 400;\">Te\u0301cnica Superior en Higiene Bucodental (Escola Francesc Pejoan) Barcelona (2000)<\/span><\/li>\n<li style=\"font-weight: 400;\"><span style=\"font-weight: 400;\">Operador de Instalaciones de Radiodiagno\u0301stico. Barcelona (2000)<\/span><\/li>\n<li style=\"font-weight: 400;\"><span style=\"font-weight: 400;\">Curso SEPA\/ ESADE de gesti\u00f3n empresarial de la cl\u00ednica dental<\/span><\/li>\n<\/ul>\n<p>&nbsp;<\/p>\n<p><b>Docencia<\/b><\/p>\n<ul>\n<li style=\"font-weight: 400;\"><span style=\"font-weight: 400;\">Ex &#8211; Profesora Ayudante del Departamento de Farmacognosia y Farmacodinamia de la Facultad de Farmacia (Universidad de Barcelona)<\/span><\/li>\n<li style=\"font-weight: 400;\"><span style=\"font-weight: 400;\">Monitora de Clases Pr\u00e1cticas de la Escuela de Higienistas \u201cFrancesc Pejoan\u201d Cursos 2000-2001 y 2001-2002<\/span><\/li>\n<li style=\"font-weight: 400;\"><span style=\"font-weight: 400;\">Instructora de Pra\u0301cticas del \u201cCurso Pra\u0301ctico de Implantes para Higienistas y Auxiliares dentales\u201d organizado por Ahiadec ,Barcelona (2004)<\/span><\/li>\n<li style=\"font-weight: 400;\"><span style=\"font-weight: 400;\">Instructora de Pra\u0301cticas del curso \u201cExploracio\u0301n, diagno\u0301stico y patologi\u0301a en Implantologi\u0301a\u201d para Higienistas Dentales organizado por Ahiadec. Barcelona (2005)<\/span><\/li>\n<\/ul>\n<p>&nbsp;<\/p>\n<p><b>Publicaciones<\/b><\/p>\n<ul>\n<li style=\"font-weight: 400;\"><span style=\"font-weight: 400;\">\u201cBiochemical and histological pattern of cynarin and caffeic acid treatment in CCl4induced hepatotoxicity\u201d Camarasa J.,Laguna J .C.,Gaspar A., Lalueza P. Med.Sci.Res., 15, 9192, 1987 <\/span><\/li>\n<li style=\"font-weight: 400;\"><span style=\"font-weight: 400;\">\u201cBiochemical and histological study of the activity of cynarin om hepatic function in rat\u201d Hernandez J.S, Gaspar A., Laguna J.C., Merlos M., Adzet T. Cell Biology Reviews, S2, 105, 1987 <\/span><\/li>\n<li style=\"font-weight: 400;\"><span style=\"font-weight: 400;\">\u201cBiochemical and histological study of the activity of cynarin on CCl4 induced hepatotoxicity in rat\u201d Gaspar A., Hernandez J.S, Laguna J.C., Merlos M., Adzet T. Cell Biology Reviews, S2, 105, 1987 <\/span><\/li>\n<li style=\"font-weight: 400;\"><span style=\"font-weight: 400;\">Colaboraciones en la seccio\u0301n \u201cPlantas medicinales y drogas vegetales\u201d de la revista OFFARM de 1987 a 1990. <\/span><\/li>\n<li style=\"font-weight: 400;\"><span style=\"font-weight: 400;\">Co- Autora Libro: \u201cManual de Implantolog\u00eda para el Higienista Dental\u201d Editorial Nexus Medica. Barcelona 2005. ISBN: 84-933785-4-2<\/span><\/li>\n<li style=\"font-weight: 400;\"><span style=\"font-weight: 400;\">Co autora del Cap\u00edtulo 6.\u201cT\u00e9cnicas de higiene oral adaptadas a la pr\u00f3tesis sobre implantes E. Padull\u00e9s-Roig, F. Torres Lear, E, Velasco Ortega, A. Gaspar Marzo. Del Libro: \u201cPatolog\u00eda Periimplantaria Vol. 1: Prevenci\u00f3n y Mantenimiento. Exploraci\u00f3n, Diagn\u00f3stico, Mantenimiento.\u201d Ediciones Europeas Especializadas. Barcelona 2013. ISBN: 978-84-941739-3-6<\/span><\/li>\n<li style=\"font-weight: 400;\"><span style=\"font-weight: 400;\">Colaboradora en el Cap\u00edtulo 8 \u201cHerramientas y tecnicas profesionales de mantenimiento\u201d <\/span><i><span style=\"font-weight: 400;\">E. Padull\u00e9s-Roig, F. Torres Lear, C. Padull\u00e9s-Gaspar, <\/span><\/i><span style=\"font-weight: 400;\">Del Libro: \u201cPatolog\u00eda Periimplantaria Vol. 1: Prevenci\u00f3n y Mantenimiento. Exploraci\u00f3n, Diagn\u00f3stico, Mantenimiento.\u201d Ediciones Europeas Especializadas. Barcelona 2013. ISBN: 978-84-941739-3-6<\/span><\/li>\n<\/ul>\n<p>&nbsp;<\/p>\n<p><b>Comunicaciones y Congresos<\/b><\/p>\n<ul>\n<li style=\"font-weight: 400;\"><span style=\"font-weight: 400;\">\u00a0\u201cEstudio de la accio\u0301n del a\u0301cido cafeico en hi\u0301gado normal e intoxicado de rata\u201d Poster presentado en el \u201cI Congreso de la Federacio\u0301n Iberoamericana de Biologi\u0301a Celular y Molecular\u201d. Barcelona 1987 <\/span><\/li>\n<li style=\"font-weight: 400;\"><span style=\"font-weight: 400;\">\u201cEstudio bioqui\u0301mico e histolo\u0301gico de la actividad de la cinarina sobre la funcionalidad hepa\u0301tica en rata\u201d Poster presentado en el \u201cII Congreso de la Sociedad Espan\u0303ola de Biologi\u0301a Celular\u201d Barcelona 1987 <\/span><\/li>\n<li style=\"font-weight: 400;\"><span style=\"font-weight: 400;\">\u201cEstudio bioqui\u0301mico e histolo\u0301gico de la actividad de la cinarina frente a la hepatotoxicidad por CCl4 en rata\u201d Poster presentado en el\u201d II Congreso de la Sociedad Espan\u0303ola de Biologi\u0301a Celular\u201d Barcelona 1987 <\/span><\/li>\n<\/ul>\n<p><\/p>","protected":false},"excerpt":{"rendered":"<p>Curriculum Licenciada en Ciencias Biologicas, Universidad de Barcelona Grado de Licenciatura, Universidad de Barcelona (1982) Certificado de Aptitud Pedago\u0301gica ICE, Universidad de Barcelona (1983) Te\u0301cnica Superior en Higiene Bucodental (Escola Francesc Pejoan) Barcelona (2000) Operador de Instalaciones de Radiodiagno\u0301stico. Barcelona (2000) Curso SEPA\/ ESADE de gesti\u00f3n empresarial de la cl\u00ednica dental &nbsp; Docencia Ex &#8211; [&hellip;]<\/p>\n","protected":false},"author":2,"featured_media":0,"parent":0,"menu_order":0,"comment_status":"closed","ping_status":"closed","template":"","meta":{"footnotes":""},"class_list":["post-471","page","type-page","status-publish","hentry"],"yoast_head":"<!-- This site is optimized with the Yoast SEO plugin v25.5 - https:\/\/yoast.com\/wordpress\/plugins\/seo\/ -->\n<title>Curr\u00edculum Araceli Gaspar - Instituto Odontolog\u00eda Integral Barcelona. Cl\u00ednica Drs. Padull\u00e9s<\/title>\n<meta name=\"robots\" content=\"index, follow, max-snippet:-1, max-image-preview:large, max-video-preview:-1\" \/>\n<link rel=\"canonical\" href=\"https:\/\/ioib.es\/es\/curriculum-araceli-gaspar\/\" \/>\n<meta property=\"og:locale\" content=\"es_ES\" \/>\n<meta property=\"og:type\" content=\"article\" \/>\n<meta property=\"og:title\" content=\"Curr\u00edculum Araceli Gaspar - Instituto Odontolog\u00eda Integral Barcelona. Cl\u00ednica Drs. Padull\u00e9s\" \/>\n<meta property=\"og:description\" content=\"Curriculum Licenciada en Ciencias Biologicas, Universidad de Barcelona Grado de Licenciatura, Universidad de Barcelona (1982) Certificado de Aptitud Pedago\u0301gica ICE, Universidad de Barcelona (1983) Te\u0301cnica Superior en Higiene Bucodental (Escola Francesc Pejoan) Barcelona (2000) Operador de Instalaciones de Radiodiagno\u0301stico. Barcelona (2000) Curso SEPA\/ ESADE de gesti\u00f3n empresarial de la cl\u00ednica dental &nbsp; Docencia Ex &#8211; [&hellip;]\" \/>\n<meta property=\"og:url\" content=\"https:\/\/ioib.es\/es\/curriculum-araceli-gaspar\/\" \/>\n<meta property=\"og:site_name\" content=\"Instituto Odontolog\u00eda Integral Barcelona. Cl\u00ednica Drs. Padull\u00e9s\" \/>\n<meta name=\"twitter:card\" content=\"summary_large_image\" \/>\n<meta name=\"twitter:label1\" content=\"Tiempo de lectura\" \/>\n\t<meta name=\"twitter:data1\" content=\"2 minutos\" \/>\n<script type=\"application\/ld+json\" class=\"yoast-schema-graph\">{\"@context\":\"https:\/\/schema.org\",\"@graph\":[{\"@type\":\"WebPage\",\"@id\":\"https:\/\/ioib.es\/es\/curriculum-araceli-gaspar\/\",\"url\":\"https:\/\/ioib.es\/es\/curriculum-araceli-gaspar\/\",\"name\":\"Curr\u00edculum Araceli Gaspar - Instituto Odontolog\u00eda Integral Barcelona. Cl\u00ednica Drs. Padull\u00e9s\",\"isPartOf\":{\"@id\":\"https:\/\/ioib.es\/es\/#website\"},\"datePublished\":\"2016-03-18T10:20:22+00:00\",\"breadcrumb\":{\"@id\":\"https:\/\/ioib.es\/es\/curriculum-araceli-gaspar\/#breadcrumb\"},\"inLanguage\":\"es\",\"potentialAction\":[{\"@type\":\"ReadAction\",\"target\":[\"https:\/\/ioib.es\/es\/curriculum-araceli-gaspar\/\"]}]},{\"@type\":\"BreadcrumbList\",\"@id\":\"https:\/\/ioib.es\/es\/curriculum-araceli-gaspar\/#breadcrumb\",\"itemListElement\":[{\"@type\":\"ListItem\",\"position\":1,\"name\":\"Portada\",\"item\":\"https:\/\/ioib.es\/es\/home\/\"},{\"@type\":\"ListItem\",\"position\":2,\"name\":\"Curr\u00edculum Araceli Gaspar\"}]},{\"@type\":\"WebSite\",\"@id\":\"https:\/\/ioib.es\/es\/#website\",\"url\":\"https:\/\/ioib.es\/es\/\",\"name\":\"Instituto Odontolog\u00eda Integral Barcelona. Cl\u00ednica Drs. Padull\u00e9s\",\"description\":\"Cl\u00ednica Dental Barcelona\",\"potentialAction\":[{\"@type\":\"SearchAction\",\"target\":{\"@type\":\"EntryPoint\",\"urlTemplate\":\"https:\/\/ioib.es\/es\/?s={search_term_string}\"},\"query-input\":{\"@type\":\"PropertyValueSpecification\",\"valueRequired\":true,\"valueName\":\"search_term_string\"}}],\"inLanguage\":\"es\"}]}<\/script>\n<!-- \/ Yoast SEO plugin. -->","yoast_head_json":{"title":"Curr\u00edculum Araceli Gaspar - Instituto Odontolog\u00eda Integral Barcelona. Cl\u00ednica Drs. Padull\u00e9s","robots":{"index":"index","follow":"follow","max-snippet":"max-snippet:-1","max-image-preview":"max-image-preview:large","max-video-preview":"max-video-preview:-1"},"canonical":"https:\/\/ioib.es\/es\/curriculum-araceli-gaspar\/","og_locale":"es_ES","og_type":"article","og_title":"Curr\u00edculum Araceli Gaspar - Instituto Odontolog\u00eda Integral Barcelona. Cl\u00ednica Drs. Padull\u00e9s","og_description":"Curriculum Licenciada en Ciencias Biologicas, Universidad de Barcelona Grado de Licenciatura, Universidad de Barcelona (1982) Certificado de Aptitud Pedago\u0301gica ICE, Universidad de Barcelona (1983) Te\u0301cnica Superior en Higiene Bucodental (Escola Francesc Pejoan) Barcelona (2000) Operador de Instalaciones de Radiodiagno\u0301stico. Barcelona (2000) Curso SEPA\/ ESADE de gesti\u00f3n empresarial de la cl\u00ednica dental &nbsp; Docencia Ex &#8211; [&hellip;]","og_url":"https:\/\/ioib.es\/es\/curriculum-araceli-gaspar\/","og_site_name":"Instituto Odontolog\u00eda Integral Barcelona. Cl\u00ednica Drs. Padull\u00e9s","twitter_card":"summary_large_image","twitter_misc":{"Tiempo de lectura":"2 minutos"},"schema":{"@context":"https:\/\/schema.org","@graph":[{"@type":"WebPage","@id":"https:\/\/ioib.es\/es\/curriculum-araceli-gaspar\/","url":"https:\/\/ioib.es\/es\/curriculum-araceli-gaspar\/","name":"Curr\u00edculum Araceli Gaspar - Instituto Odontolog\u00eda Integral Barcelona. Cl\u00ednica Drs. Padull\u00e9s","isPartOf":{"@id":"https:\/\/ioib.es\/es\/#website"},"datePublished":"2016-03-18T10:20:22+00:00","breadcrumb":{"@id":"https:\/\/ioib.es\/es\/curriculum-araceli-gaspar\/#breadcrumb"},"inLanguage":"es","potentialAction":[{"@type":"ReadAction","target":["https:\/\/ioib.es\/es\/curriculum-araceli-gaspar\/"]}]},{"@type":"BreadcrumbList","@id":"https:\/\/ioib.es\/es\/curriculum-araceli-gaspar\/#breadcrumb","itemListElement":[{"@type":"ListItem","position":1,"name":"Portada","item":"https:\/\/ioib.es\/es\/home\/"},{"@type":"ListItem","position":2,"name":"Curr\u00edculum Araceli Gaspar"}]},{"@type":"WebSite","@id":"https:\/\/ioib.es\/es\/#website","url":"https:\/\/ioib.es\/es\/","name":"Instituto Odontolog\u00eda Integral Barcelona. Cl\u00ednica Drs. Padull\u00e9s","description":"Cl\u00ednica Dental Barcelona","potentialAction":[{"@type":"SearchAction","target":{"@type":"EntryPoint","urlTemplate":"https:\/\/ioib.es\/es\/?s={search_term_string}"},"query-input":{"@type":"PropertyValueSpecification","valueRequired":true,"valueName":"search_term_string"}}],"inLanguage":"es"}]}},"_links":{"self":[{"href":"https:\/\/ioib.es\/es\/wp-json\/wp\/v2\/pages\/471","targetHints":{"allow":["GET"]}}],"collection":[{"href":"https:\/\/ioib.es\/es\/wp-json\/wp\/v2\/pages"}],"about":[{"href":"https:\/\/ioib.es\/es\/wp-json\/wp\/v2\/types\/page"}],"author":[{"embeddable":true,"href":"https:\/\/ioib.es\/es\/wp-json\/wp\/v2\/users\/2"}],"replies":[{"embeddable":true,"href":"https:\/\/ioib.es\/es\/wp-json\/wp\/v2\/comments?post=471"}],"version-history":[{"count":0,"href":"https:\/\/ioib.es\/es\/wp-json\/wp\/v2\/pages\/471\/revisions"}],"wp:attachment":[{"href":"https:\/\/ioib.es\/es\/wp-json\/wp\/v2\/media?parent=471"}],"curies":[{"name":"wp","href":"https:\/\/api.w.org\/{rel}","templated":true}]}}