{"id":473,"date":"2016-03-18T10:25:35","date_gmt":"2016-03-18T10:25:35","guid":{"rendered":"https:\/\/ioib.es\/?page_id=473"},"modified":"2016-03-18T10:25:35","modified_gmt":"2016-03-18T10:25:35","slug":"curriculum-albert-espriu","status":"publish","type":"page","link":"https:\/\/ioib.es\/es\/curriculum-albert-espriu\/","title":{"rendered":"Curr\u00edculum Albert Espriu"},"content":{"rendered":"<p><strong>Curriculum<\/strong><\/p>\n<ul>\n<li><span style=\"font-weight: 400;\">Postgrado en Psiconeuroimmunolog\u00eda Cl\u00ednica. (15\/16)<\/span><\/li>\n<li><span style=\"font-weight: 400;\">Curso Ecografia Musculoesquel\u00e9tica. Dr. Carles Pedret. (2015)<\/span><\/li>\n<li><span style=\"font-weight: 400;\">M\u00e1ster de Osteopat\u00eda. Escuela Europea de Osteopat\u00eda de Sant Just (UPF) (10\/14)<\/span><\/li>\n<li><span style=\"font-weight: 400;\">Curso de Quiromasaje; Escuela Dr. Ferr\u00e1ndiz (09\/10)<\/span><\/li>\n<li><span style=\"font-weight: 400;\">Diplomatura de Fisioteparia; Escuela Universitaria Blanquerna (05\/10)<\/span><\/li>\n<li><span style=\"font-weight: 400;\">T\u00edtulo de CGFS de Diet\u00e9tica y Nutrici\u00f3n; Escuelas Profesionales Francesc Xavier (03\/05)<\/span><\/li>\n<li><span style=\"font-weight: 400;\">Bachillerato Tecnol\u00f3gico; Escuelas Profesionales Salesianos de Sarri\u00e1 (00\/02)<\/span><\/li>\n<\/ul>\n<p>&nbsp;<\/p>\n<p><b>Experiencia\u00a0Profesional<\/b><\/p>\n<ul>\n<li><span style=\"font-weight: 400;\">Actual<\/span> <span style=\"font-weight: 400;\">Oste\u00f3pata, Fisioterapeuta y Nutricionista. Cl\u00ednica Integrativa Bcn. (2015)<\/span><\/li>\n<li><span style=\"font-weight: 400;\">Actual<\/span> <span style=\"font-weight: 400;\">Oste\u00f3pata y Fisioterapeuta. Cl\u00ednica Osteopat\u00eda Dr. David Ponce (2014)<\/span><\/li>\n<li><span style=\"font-weight: 400;\">Fisioterapeuta de Academia de Alto Rendimiento de Tenista Bruguera Tennis Academy (12\/15)<\/span><\/li>\n<li><span style=\"font-weight: 400;\">Fisioterapeuta en Centre de Enfermetats Osteoarticulars (11\/14)<\/span><\/li>\n<li><span style=\"font-weight: 400;\">Fisioterapeuta Club Dir Castillejos (2011)<\/span><\/li>\n<li><span style=\"font-weight: 400;\">Pr\u00e1cticas de Fisioterapia en los centros: Servim\u00e9dic, Asepeyo, Centro de <\/span> <span style=\"font-weight: 400;\">Talasoterapia, Mutua Federaci\u00f3n Catalana de futbolistas (05\/08)<\/span><\/li>\n<li><span style=\"font-weight: 400;\">7 meses en Centre M\u00e9dico Terap\u00e9utico de Enfermedades Osteoarticulares, <\/span> <span style=\"font-weight: 400;\">centro de traumatolog\u00eda y reumatolog\u00eda <\/span><span style=\"font-weight: 400;\">Pr\u00e1cticas voluntarias en la Federaci\u00f3n Catalana de Futbolistas (2007)<\/span><\/li>\n<\/ul>\n<p><\/p>","protected":false},"excerpt":{"rendered":"<p>Curriculum Postgrado en Psiconeuroimmunolog\u00eda Cl\u00ednica. (15\/16) Curso Ecografia Musculoesquel\u00e9tica. Dr. Carles Pedret. (2015) M\u00e1ster de Osteopat\u00eda. Escuela Europea de Osteopat\u00eda de Sant Just (UPF) (10\/14) Curso de Quiromasaje; Escuela Dr. Ferr\u00e1ndiz (09\/10) Diplomatura de Fisioteparia; Escuela Universitaria Blanquerna (05\/10) T\u00edtulo de CGFS de Diet\u00e9tica y Nutrici\u00f3n; Escuelas Profesionales Francesc Xavier (03\/05) Bachillerato Tecnol\u00f3gico; Escuelas Profesionales [&hellip;]<\/p>\n","protected":false},"author":2,"featured_media":0,"parent":0,"menu_order":0,"comment_status":"closed","ping_status":"closed","template":"","meta":{"footnotes":""},"class_list":["post-473","page","type-page","status-publish","hentry"],"yoast_head":"<!-- This site is optimized with the Yoast SEO plugin v25.5 - https:\/\/yoast.com\/wordpress\/plugins\/seo\/ -->\n<title>Curr\u00edculum Albert Espriu - Instituto Odontolog\u00eda Integral Barcelona. Cl\u00ednica Drs. Padull\u00e9s<\/title>\n<meta name=\"robots\" content=\"index, follow, max-snippet:-1, max-image-preview:large, max-video-preview:-1\" \/>\n<link rel=\"canonical\" href=\"https:\/\/ioib.es\/es\/curriculum-albert-espriu\/\" \/>\n<meta property=\"og:locale\" content=\"es_ES\" \/>\n<meta property=\"og:type\" content=\"article\" \/>\n<meta property=\"og:title\" content=\"Curr\u00edculum Albert Espriu - Instituto Odontolog\u00eda Integral Barcelona. Cl\u00ednica Drs. Padull\u00e9s\" \/>\n<meta property=\"og:description\" content=\"Curriculum Postgrado en Psiconeuroimmunolog\u00eda Cl\u00ednica. (15\/16) Curso Ecografia Musculoesquel\u00e9tica. Dr. Carles Pedret. (2015) M\u00e1ster de Osteopat\u00eda. Escuela Europea de Osteopat\u00eda de Sant Just (UPF) (10\/14) Curso de Quiromasaje; Escuela Dr. Ferr\u00e1ndiz (09\/10) Diplomatura de Fisioteparia; Escuela Universitaria Blanquerna (05\/10) T\u00edtulo de CGFS de Diet\u00e9tica y Nutrici\u00f3n; Escuelas Profesionales Francesc Xavier (03\/05) Bachillerato Tecnol\u00f3gico; Escuelas Profesionales [&hellip;]\" \/>\n<meta property=\"og:url\" content=\"https:\/\/ioib.es\/es\/curriculum-albert-espriu\/\" \/>\n<meta property=\"og:site_name\" content=\"Instituto Odontolog\u00eda Integral Barcelona. Cl\u00ednica Drs. Padull\u00e9s\" \/>\n<meta name=\"twitter:card\" content=\"summary_large_image\" \/>\n<meta name=\"twitter:label1\" content=\"Tiempo de lectura\" \/>\n\t<meta name=\"twitter:data1\" content=\"1 minuto\" \/>\n<script type=\"application\/ld+json\" class=\"yoast-schema-graph\">{\"@context\":\"https:\/\/schema.org\",\"@graph\":[{\"@type\":\"WebPage\",\"@id\":\"https:\/\/ioib.es\/es\/curriculum-albert-espriu\/\",\"url\":\"https:\/\/ioib.es\/es\/curriculum-albert-espriu\/\",\"name\":\"Curr\u00edculum Albert Espriu - Instituto Odontolog\u00eda Integral Barcelona. Cl\u00ednica Drs. Padull\u00e9s\",\"isPartOf\":{\"@id\":\"https:\/\/ioib.es\/es\/#website\"},\"datePublished\":\"2016-03-18T10:25:35+00:00\",\"breadcrumb\":{\"@id\":\"https:\/\/ioib.es\/es\/curriculum-albert-espriu\/#breadcrumb\"},\"inLanguage\":\"es\",\"potentialAction\":[{\"@type\":\"ReadAction\",\"target\":[\"https:\/\/ioib.es\/es\/curriculum-albert-espriu\/\"]}]},{\"@type\":\"BreadcrumbList\",\"@id\":\"https:\/\/ioib.es\/es\/curriculum-albert-espriu\/#breadcrumb\",\"itemListElement\":[{\"@type\":\"ListItem\",\"position\":1,\"name\":\"Portada\",\"item\":\"https:\/\/ioib.es\/es\/home\/\"},{\"@type\":\"ListItem\",\"position\":2,\"name\":\"Curr\u00edculum Albert Espriu\"}]},{\"@type\":\"WebSite\",\"@id\":\"https:\/\/ioib.es\/es\/#website\",\"url\":\"https:\/\/ioib.es\/es\/\",\"name\":\"Instituto Odontolog\u00eda Integral Barcelona. Cl\u00ednica Drs. Padull\u00e9s\",\"description\":\"Cl\u00ednica Dental Barcelona\",\"potentialAction\":[{\"@type\":\"SearchAction\",\"target\":{\"@type\":\"EntryPoint\",\"urlTemplate\":\"https:\/\/ioib.es\/es\/?s={search_term_string}\"},\"query-input\":{\"@type\":\"PropertyValueSpecification\",\"valueRequired\":true,\"valueName\":\"search_term_string\"}}],\"inLanguage\":\"es\"}]}<\/script>\n<!-- \/ Yoast SEO plugin. -->","yoast_head_json":{"title":"Curr\u00edculum Albert Espriu - Instituto Odontolog\u00eda Integral Barcelona. Cl\u00ednica Drs. Padull\u00e9s","robots":{"index":"index","follow":"follow","max-snippet":"max-snippet:-1","max-image-preview":"max-image-preview:large","max-video-preview":"max-video-preview:-1"},"canonical":"https:\/\/ioib.es\/es\/curriculum-albert-espriu\/","og_locale":"es_ES","og_type":"article","og_title":"Curr\u00edculum Albert Espriu - Instituto Odontolog\u00eda Integral Barcelona. Cl\u00ednica Drs. Padull\u00e9s","og_description":"Curriculum Postgrado en Psiconeuroimmunolog\u00eda Cl\u00ednica. (15\/16) Curso Ecografia Musculoesquel\u00e9tica. Dr. Carles Pedret. (2015) M\u00e1ster de Osteopat\u00eda. Escuela Europea de Osteopat\u00eda de Sant Just (UPF) (10\/14) Curso de Quiromasaje; Escuela Dr. Ferr\u00e1ndiz (09\/10) Diplomatura de Fisioteparia; Escuela Universitaria Blanquerna (05\/10) T\u00edtulo de CGFS de Diet\u00e9tica y Nutrici\u00f3n; Escuelas Profesionales Francesc Xavier (03\/05) Bachillerato Tecnol\u00f3gico; Escuelas Profesionales [&hellip;]","og_url":"https:\/\/ioib.es\/es\/curriculum-albert-espriu\/","og_site_name":"Instituto Odontolog\u00eda Integral Barcelona. Cl\u00ednica Drs. Padull\u00e9s","twitter_card":"summary_large_image","twitter_misc":{"Tiempo de lectura":"1 minuto"},"schema":{"@context":"https:\/\/schema.org","@graph":[{"@type":"WebPage","@id":"https:\/\/ioib.es\/es\/curriculum-albert-espriu\/","url":"https:\/\/ioib.es\/es\/curriculum-albert-espriu\/","name":"Curr\u00edculum Albert Espriu - Instituto Odontolog\u00eda Integral Barcelona. Cl\u00ednica Drs. Padull\u00e9s","isPartOf":{"@id":"https:\/\/ioib.es\/es\/#website"},"datePublished":"2016-03-18T10:25:35+00:00","breadcrumb":{"@id":"https:\/\/ioib.es\/es\/curriculum-albert-espriu\/#breadcrumb"},"inLanguage":"es","potentialAction":[{"@type":"ReadAction","target":["https:\/\/ioib.es\/es\/curriculum-albert-espriu\/"]}]},{"@type":"BreadcrumbList","@id":"https:\/\/ioib.es\/es\/curriculum-albert-espriu\/#breadcrumb","itemListElement":[{"@type":"ListItem","position":1,"name":"Portada","item":"https:\/\/ioib.es\/es\/home\/"},{"@type":"ListItem","position":2,"name":"Curr\u00edculum Albert Espriu"}]},{"@type":"WebSite","@id":"https:\/\/ioib.es\/es\/#website","url":"https:\/\/ioib.es\/es\/","name":"Instituto Odontolog\u00eda Integral Barcelona. Cl\u00ednica Drs. Padull\u00e9s","description":"Cl\u00ednica Dental Barcelona","potentialAction":[{"@type":"SearchAction","target":{"@type":"EntryPoint","urlTemplate":"https:\/\/ioib.es\/es\/?s={search_term_string}"},"query-input":{"@type":"PropertyValueSpecification","valueRequired":true,"valueName":"search_term_string"}}],"inLanguage":"es"}]}},"_links":{"self":[{"href":"https:\/\/ioib.es\/es\/wp-json\/wp\/v2\/pages\/473","targetHints":{"allow":["GET"]}}],"collection":[{"href":"https:\/\/ioib.es\/es\/wp-json\/wp\/v2\/pages"}],"about":[{"href":"https:\/\/ioib.es\/es\/wp-json\/wp\/v2\/types\/page"}],"author":[{"embeddable":true,"href":"https:\/\/ioib.es\/es\/wp-json\/wp\/v2\/users\/2"}],"replies":[{"embeddable":true,"href":"https:\/\/ioib.es\/es\/wp-json\/wp\/v2\/comments?post=473"}],"version-history":[{"count":0,"href":"https:\/\/ioib.es\/es\/wp-json\/wp\/v2\/pages\/473\/revisions"}],"wp:attachment":[{"href":"https:\/\/ioib.es\/es\/wp-json\/wp\/v2\/media?parent=473"}],"curies":[{"name":"wp","href":"https:\/\/api.w.org\/{rel}","templated":true}]}}