{"id":74,"date":"2016-02-23T19:22:20","date_gmt":"2016-02-23T19:22:20","guid":{"rendered":"https:\/\/ioib.es\/?page_id=74"},"modified":"2016-03-23T08:26:44","modified_gmt":"2016-03-23T08:26:44","slug":"invisible-invisaligne","status":"publish","type":"page","link":"https:\/\/ioib.es\/es\/tratamientos\/ortodoncia\/invisible-invisaligne\/","title":{"rendered":"Invisible invisaligne"},"content":{"rendered":"<p><\/p>\n<p><\/p>","protected":false},"excerpt":{"rendered":"","protected":false},"author":2,"featured_media":0,"parent":73,"menu_order":0,"comment_status":"closed","ping_status":"closed","template":"","meta":{"footnotes":""},"class_list":["post-74","page","type-page","status-publish","hentry"],"yoast_head":"<!-- This site is optimized with the Yoast SEO plugin v25.5 - https:\/\/yoast.com\/wordpress\/plugins\/seo\/ -->\n<title>Invisible invisaligne - Instituto Odontolog\u00eda Integral Barcelona. Cl\u00ednica Drs. Padull\u00e9s<\/title>\n<meta name=\"robots\" content=\"index, follow, max-snippet:-1, max-image-preview:large, max-video-preview:-1\" \/>\n<link rel=\"canonical\" href=\"https:\/\/ioib.es\/es\/tratamientos\/ortodoncia\/invisible-invisaligne\/\" \/>\n<meta property=\"og:locale\" content=\"es_ES\" \/>\n<meta property=\"og:type\" content=\"article\" \/>\n<meta property=\"og:title\" content=\"Invisible invisaligne - Instituto Odontolog\u00eda Integral Barcelona. Cl\u00ednica Drs. Padull\u00e9s\" \/>\n<meta property=\"og:url\" content=\"https:\/\/ioib.es\/es\/tratamientos\/ortodoncia\/invisible-invisaligne\/\" \/>\n<meta property=\"og:site_name\" content=\"Instituto Odontolog\u00eda Integral Barcelona. Cl\u00ednica Drs. Padull\u00e9s\" \/>\n<meta property=\"article:modified_time\" content=\"2016-03-23T08:26:44+00:00\" \/>\n<meta name=\"twitter:card\" content=\"summary_large_image\" \/>\n<meta name=\"twitter:label1\" content=\"Tiempo de lectura\" \/>\n\t<meta name=\"twitter:data1\" content=\"1 minuto\" \/>\n<script type=\"application\/ld+json\" class=\"yoast-schema-graph\">{\"@context\":\"https:\/\/schema.org\",\"@graph\":[{\"@type\":\"WebPage\",\"@id\":\"https:\/\/ioib.es\/es\/tratamientos\/ortodoncia\/invisible-invisaligne\/\",\"url\":\"https:\/\/ioib.es\/es\/tratamientos\/ortodoncia\/invisible-invisaligne\/\",\"name\":\"Invisible invisaligne - Instituto Odontolog\u00eda Integral Barcelona. Cl\u00ednica Drs. Padull\u00e9s\",\"isPartOf\":{\"@id\":\"https:\/\/ioib.es\/es\/#website\"},\"datePublished\":\"2016-02-23T19:22:20+00:00\",\"dateModified\":\"2016-03-23T08:26:44+00:00\",\"breadcrumb\":{\"@id\":\"https:\/\/ioib.es\/es\/tratamientos\/ortodoncia\/invisible-invisaligne\/#breadcrumb\"},\"inLanguage\":\"es\",\"potentialAction\":[{\"@type\":\"ReadAction\",\"target\":[\"https:\/\/ioib.es\/es\/tratamientos\/ortodoncia\/invisible-invisaligne\/\"]}]},{\"@type\":\"BreadcrumbList\",\"@id\":\"https:\/\/ioib.es\/es\/tratamientos\/ortodoncia\/invisible-invisaligne\/#breadcrumb\",\"itemListElement\":[{\"@type\":\"ListItem\",\"position\":1,\"name\":\"Portada\",\"item\":\"https:\/\/ioib.es\/es\/home\/\"},{\"@type\":\"ListItem\",\"position\":2,\"name\":\"Tratamientos dentales integrales\",\"item\":\"https:\/\/ioib.es\/es\/tratamientos\/\"},{\"@type\":\"ListItem\",\"position\":3,\"name\":\"Ortodoncia\",\"item\":\"https:\/\/ioib.es\/es\/tratamientos\/ortodoncia\/\"},{\"@type\":\"ListItem\",\"position\":4,\"name\":\"Invisible invisaligne\"}]},{\"@type\":\"WebSite\",\"@id\":\"https:\/\/ioib.es\/es\/#website\",\"url\":\"https:\/\/ioib.es\/es\/\",\"name\":\"Instituto Odontolog\u00eda Integral Barcelona. Cl\u00ednica Drs. Padull\u00e9s\",\"description\":\"Cl\u00ednica Dental Barcelona\",\"potentialAction\":[{\"@type\":\"SearchAction\",\"target\":{\"@type\":\"EntryPoint\",\"urlTemplate\":\"https:\/\/ioib.es\/es\/?s={search_term_string}\"},\"query-input\":{\"@type\":\"PropertyValueSpecification\",\"valueRequired\":true,\"valueName\":\"search_term_string\"}}],\"inLanguage\":\"es\"}]}<\/script>\n<!-- \/ Yoast SEO plugin. -->","yoast_head_json":{"title":"Invisible invisaligne - Instituto Odontolog\u00eda Integral Barcelona. Cl\u00ednica Drs. Padull\u00e9s","robots":{"index":"index","follow":"follow","max-snippet":"max-snippet:-1","max-image-preview":"max-image-preview:large","max-video-preview":"max-video-preview:-1"},"canonical":"https:\/\/ioib.es\/es\/tratamientos\/ortodoncia\/invisible-invisaligne\/","og_locale":"es_ES","og_type":"article","og_title":"Invisible invisaligne - Instituto Odontolog\u00eda Integral Barcelona. Cl\u00ednica Drs. Padull\u00e9s","og_url":"https:\/\/ioib.es\/es\/tratamientos\/ortodoncia\/invisible-invisaligne\/","og_site_name":"Instituto Odontolog\u00eda Integral Barcelona. Cl\u00ednica Drs. Padull\u00e9s","article_modified_time":"2016-03-23T08:26:44+00:00","twitter_card":"summary_large_image","twitter_misc":{"Tiempo de lectura":"1 minuto"},"schema":{"@context":"https:\/\/schema.org","@graph":[{"@type":"WebPage","@id":"https:\/\/ioib.es\/es\/tratamientos\/ortodoncia\/invisible-invisaligne\/","url":"https:\/\/ioib.es\/es\/tratamientos\/ortodoncia\/invisible-invisaligne\/","name":"Invisible invisaligne - Instituto Odontolog\u00eda Integral Barcelona. Cl\u00ednica Drs. Padull\u00e9s","isPartOf":{"@id":"https:\/\/ioib.es\/es\/#website"},"datePublished":"2016-02-23T19:22:20+00:00","dateModified":"2016-03-23T08:26:44+00:00","breadcrumb":{"@id":"https:\/\/ioib.es\/es\/tratamientos\/ortodoncia\/invisible-invisaligne\/#breadcrumb"},"inLanguage":"es","potentialAction":[{"@type":"ReadAction","target":["https:\/\/ioib.es\/es\/tratamientos\/ortodoncia\/invisible-invisaligne\/"]}]},{"@type":"BreadcrumbList","@id":"https:\/\/ioib.es\/es\/tratamientos\/ortodoncia\/invisible-invisaligne\/#breadcrumb","itemListElement":[{"@type":"ListItem","position":1,"name":"Portada","item":"https:\/\/ioib.es\/es\/home\/"},{"@type":"ListItem","position":2,"name":"Tratamientos dentales integrales","item":"https:\/\/ioib.es\/es\/tratamientos\/"},{"@type":"ListItem","position":3,"name":"Ortodoncia","item":"https:\/\/ioib.es\/es\/tratamientos\/ortodoncia\/"},{"@type":"ListItem","position":4,"name":"Invisible invisaligne"}]},{"@type":"WebSite","@id":"https:\/\/ioib.es\/es\/#website","url":"https:\/\/ioib.es\/es\/","name":"Instituto Odontolog\u00eda Integral Barcelona. Cl\u00ednica Drs. Padull\u00e9s","description":"Cl\u00ednica Dental Barcelona","potentialAction":[{"@type":"SearchAction","target":{"@type":"EntryPoint","urlTemplate":"https:\/\/ioib.es\/es\/?s={search_term_string}"},"query-input":{"@type":"PropertyValueSpecification","valueRequired":true,"valueName":"search_term_string"}}],"inLanguage":"es"}]}},"_links":{"self":[{"href":"https:\/\/ioib.es\/es\/wp-json\/wp\/v2\/pages\/74","targetHints":{"allow":["GET"]}}],"collection":[{"href":"https:\/\/ioib.es\/es\/wp-json\/wp\/v2\/pages"}],"about":[{"href":"https:\/\/ioib.es\/es\/wp-json\/wp\/v2\/types\/page"}],"author":[{"embeddable":true,"href":"https:\/\/ioib.es\/es\/wp-json\/wp\/v2\/users\/2"}],"replies":[{"embeddable":true,"href":"https:\/\/ioib.es\/es\/wp-json\/wp\/v2\/comments?post=74"}],"version-history":[{"count":0,"href":"https:\/\/ioib.es\/es\/wp-json\/wp\/v2\/pages\/74\/revisions"}],"up":[{"embeddable":true,"href":"https:\/\/ioib.es\/es\/wp-json\/wp\/v2\/pages\/73"}],"wp:attachment":[{"href":"https:\/\/ioib.es\/es\/wp-json\/wp\/v2\/media?parent=74"}],"curies":[{"name":"wp","href":"https:\/\/api.w.org\/{rel}","templated":true}]}}