{"id":770,"date":"2016-12-21T16:15:42","date_gmt":"2016-12-21T16:15:42","guid":{"rendered":"https:\/\/ioib.es\/?page_id=770"},"modified":"2016-12-21T16:16:50","modified_gmt":"2016-12-21T16:16:50","slug":"tac-3d-ortopantomografia-digital","status":"publish","type":"page","link":"https:\/\/ioib.es\/es\/tac-3d-ortopantomografia-digital\/","title":{"rendered":"TAC 3D Y ORTOPANTOMOGRAF\u00cdA DIGITAL"},"content":{"rendered":"<p>&nbsp;<\/p>\n<p><img loading=\"lazy\" decoding=\"async\" class=\"alignleft size-medium wp-image-769\" src=\"https:\/\/ioib.es\/wp-content\/uploads\/2016\/12\/point-combi-500-185x300.jpg\" alt=\"point-combi-500\" width=\"185\" height=\"300\" srcset=\"https:\/\/ioib.es\/wp-content\/uploads\/2016\/12\/point-combi-500-185x300.jpg 185w, https:\/\/ioib.es\/wp-content\/uploads\/2016\/12\/point-combi-500-434x705.jpg 434w, https:\/\/ioib.es\/wp-content\/uploads\/2016\/12\/point-combi-500-450x732.jpg 450w, https:\/\/ioib.es\/wp-content\/uploads\/2016\/12\/point-combi-500.jpg 548w\" sizes=\"auto, (max-width: 185px) 100vw, 185px\" \/><img loading=\"lazy\" decoding=\"async\" class=\"alignnone size-full wp-image-765\" src=\"https:\/\/ioib.es\/wp-content\/uploads\/2016\/12\/imagen-tac.png\" alt=\"imagen-tac\" width=\"256\" height=\"144\" \/><img loading=\"lazy\" decoding=\"async\" class=\"size-medium wp-image-764 alignnone\" src=\"https:\/\/ioib.es\/wp-content\/uploads\/2016\/12\/cross_sectional-300x164.jpg\" alt=\"cross_sectional\" width=\"300\" height=\"164\" \/><\/p>\n<p>Incorporamos el nuevo equipo de <span style=\"color: #00ccff;\"><strong>diag<\/strong><strong>nostico 3D. PointNix Combi 500HD<\/strong><\/span><\/p>\n<p><span style=\"color: #00ccff;\"><strong>Panor\u00e1mico y TAC 3D Digital de Alta Definici\u00f3n<\/strong><\/span> Seguridad radiol\u00f3gica para el paciente por su baja dosis de radiaci\u00f3n El sensor directo de CdTe es la \u00faltima generaci\u00f3n tecnol\u00f3gica, ofreciendo la m\u00e1s alta calidad de imagen<\/p>\n<p>Los sensores directos absorben el 100% de la radiaci\u00f3n X y la convierten d\u00a0 irectamente en se\u00f1ales el\u00e9ctricas.<\/p>","protected":false},"excerpt":{"rendered":"<p>&nbsp; Incorporamos el nuevo equipo de diagnostico 3D. PointNix Combi 500HD Panor\u00e1mico y TAC 3D Digital de Alta Definici\u00f3n Seguridad radiol\u00f3gica para el paciente por su baja dosis de radiaci\u00f3n El sensor directo de CdTe es la \u00faltima generaci\u00f3n tecnol\u00f3gica, ofreciendo la m\u00e1s alta calidad de imagen Los sensores directos absorben el 100% de la [&hellip;]<\/p>\n","protected":false},"author":2,"featured_media":0,"parent":0,"menu_order":0,"comment_status":"closed","ping_status":"closed","template":"","meta":{"footnotes":""},"class_list":["post-770","page","type-page","status-publish","hentry"],"yoast_head":"<!-- This site is optimized with the Yoast SEO plugin v25.5 - https:\/\/yoast.com\/wordpress\/plugins\/seo\/ -->\n<title>TAC 3D Y ORTOPANTOMOGRAF\u00cdA DIGITAL - Instituto Odontolog\u00eda Integral Barcelona. Cl\u00ednica Drs. Padull\u00e9s<\/title>\n<meta name=\"robots\" content=\"index, follow, max-snippet:-1, max-image-preview:large, max-video-preview:-1\" \/>\n<link rel=\"canonical\" href=\"https:\/\/ioib.es\/es\/tac-3d-ortopantomografia-digital\/\" \/>\n<meta property=\"og:locale\" content=\"es_ES\" \/>\n<meta property=\"og:type\" content=\"article\" \/>\n<meta property=\"og:title\" content=\"TAC 3D Y ORTOPANTOMOGRAF\u00cdA DIGITAL - Instituto Odontolog\u00eda Integral Barcelona. Cl\u00ednica Drs. Padull\u00e9s\" \/>\n<meta property=\"og:description\" content=\"&nbsp; Incorporamos el nuevo equipo de diagnostico 3D. PointNix Combi 500HD Panor\u00e1mico y TAC 3D Digital de Alta Definici\u00f3n Seguridad radiol\u00f3gica para el paciente por su baja dosis de radiaci\u00f3n El sensor directo de CdTe es la \u00faltima generaci\u00f3n tecnol\u00f3gica, ofreciendo la m\u00e1s alta calidad de imagen Los sensores directos absorben el 100% de la [&hellip;]\" \/>\n<meta property=\"og:url\" content=\"https:\/\/ioib.es\/es\/tac-3d-ortopantomografia-digital\/\" \/>\n<meta property=\"og:site_name\" content=\"Instituto Odontolog\u00eda Integral Barcelona. Cl\u00ednica Drs. Padull\u00e9s\" \/>\n<meta property=\"article:modified_time\" content=\"2016-12-21T16:16:50+00:00\" \/>\n<meta property=\"og:image\" content=\"https:\/\/ioib.es\/wp-content\/uploads\/2016\/12\/point-combi-500-185x300.jpg\" \/>\n<meta name=\"twitter:card\" content=\"summary_large_image\" \/>\n<script type=\"application\/ld+json\" class=\"yoast-schema-graph\">{\"@context\":\"https:\/\/schema.org\",\"@graph\":[{\"@type\":\"WebPage\",\"@id\":\"https:\/\/ioib.es\/es\/tac-3d-ortopantomografia-digital\/\",\"url\":\"https:\/\/ioib.es\/es\/tac-3d-ortopantomografia-digital\/\",\"name\":\"TAC 3D Y ORTOPANTOMOGRAF\u00cdA DIGITAL - Instituto Odontolog\u00eda Integral Barcelona. Cl\u00ednica Drs. Padull\u00e9s\",\"isPartOf\":{\"@id\":\"https:\/\/ioib.es\/es\/#website\"},\"primaryImageOfPage\":{\"@id\":\"https:\/\/ioib.es\/es\/tac-3d-ortopantomografia-digital\/#primaryimage\"},\"image\":{\"@id\":\"https:\/\/ioib.es\/es\/tac-3d-ortopantomografia-digital\/#primaryimage\"},\"thumbnailUrl\":\"https:\/\/ioib.es\/wp-content\/uploads\/2016\/12\/point-combi-500-185x300.jpg\",\"datePublished\":\"2016-12-21T16:15:42+00:00\",\"dateModified\":\"2016-12-21T16:16:50+00:00\",\"breadcrumb\":{\"@id\":\"https:\/\/ioib.es\/es\/tac-3d-ortopantomografia-digital\/#breadcrumb\"},\"inLanguage\":\"es\",\"potentialAction\":[{\"@type\":\"ReadAction\",\"target\":[\"https:\/\/ioib.es\/es\/tac-3d-ortopantomografia-digital\/\"]}]},{\"@type\":\"ImageObject\",\"inLanguage\":\"es\",\"@id\":\"https:\/\/ioib.es\/es\/tac-3d-ortopantomografia-digital\/#primaryimage\",\"url\":\"https:\/\/ioib.es\/wp-content\/uploads\/2016\/12\/point-combi-500-185x300.jpg\",\"contentUrl\":\"https:\/\/ioib.es\/wp-content\/uploads\/2016\/12\/point-combi-500-185x300.jpg\"},{\"@type\":\"BreadcrumbList\",\"@id\":\"https:\/\/ioib.es\/es\/tac-3d-ortopantomografia-digital\/#breadcrumb\",\"itemListElement\":[{\"@type\":\"ListItem\",\"position\":1,\"name\":\"Portada\",\"item\":\"https:\/\/ioib.es\/es\/home\/\"},{\"@type\":\"ListItem\",\"position\":2,\"name\":\"TAC 3D Y ORTOPANTOMOGRAF\u00cdA DIGITAL\"}]},{\"@type\":\"WebSite\",\"@id\":\"https:\/\/ioib.es\/es\/#website\",\"url\":\"https:\/\/ioib.es\/es\/\",\"name\":\"Instituto Odontolog\u00eda Integral Barcelona. Cl\u00ednica Drs. Padull\u00e9s\",\"description\":\"Cl\u00ednica Dental Barcelona\",\"potentialAction\":[{\"@type\":\"SearchAction\",\"target\":{\"@type\":\"EntryPoint\",\"urlTemplate\":\"https:\/\/ioib.es\/es\/?s={search_term_string}\"},\"query-input\":{\"@type\":\"PropertyValueSpecification\",\"valueRequired\":true,\"valueName\":\"search_term_string\"}}],\"inLanguage\":\"es\"}]}<\/script>\n<!-- \/ Yoast SEO plugin. -->","yoast_head_json":{"title":"TAC 3D Y ORTOPANTOMOGRAF\u00cdA DIGITAL - Instituto Odontolog\u00eda Integral Barcelona. Cl\u00ednica Drs. Padull\u00e9s","robots":{"index":"index","follow":"follow","max-snippet":"max-snippet:-1","max-image-preview":"max-image-preview:large","max-video-preview":"max-video-preview:-1"},"canonical":"https:\/\/ioib.es\/es\/tac-3d-ortopantomografia-digital\/","og_locale":"es_ES","og_type":"article","og_title":"TAC 3D Y ORTOPANTOMOGRAF\u00cdA DIGITAL - Instituto Odontolog\u00eda Integral Barcelona. Cl\u00ednica Drs. Padull\u00e9s","og_description":"&nbsp; Incorporamos el nuevo equipo de diagnostico 3D. PointNix Combi 500HD Panor\u00e1mico y TAC 3D Digital de Alta Definici\u00f3n Seguridad radiol\u00f3gica para el paciente por su baja dosis de radiaci\u00f3n El sensor directo de CdTe es la \u00faltima generaci\u00f3n tecnol\u00f3gica, ofreciendo la m\u00e1s alta calidad de imagen Los sensores directos absorben el 100% de la [&hellip;]","og_url":"https:\/\/ioib.es\/es\/tac-3d-ortopantomografia-digital\/","og_site_name":"Instituto Odontolog\u00eda Integral Barcelona. Cl\u00ednica Drs. Padull\u00e9s","article_modified_time":"2016-12-21T16:16:50+00:00","og_image":[{"url":"https:\/\/ioib.es\/wp-content\/uploads\/2016\/12\/point-combi-500-185x300.jpg","type":"","width":"","height":""}],"twitter_card":"summary_large_image","schema":{"@context":"https:\/\/schema.org","@graph":[{"@type":"WebPage","@id":"https:\/\/ioib.es\/es\/tac-3d-ortopantomografia-digital\/","url":"https:\/\/ioib.es\/es\/tac-3d-ortopantomografia-digital\/","name":"TAC 3D Y ORTOPANTOMOGRAF\u00cdA DIGITAL - Instituto Odontolog\u00eda Integral Barcelona. Cl\u00ednica Drs. Padull\u00e9s","isPartOf":{"@id":"https:\/\/ioib.es\/es\/#website"},"primaryImageOfPage":{"@id":"https:\/\/ioib.es\/es\/tac-3d-ortopantomografia-digital\/#primaryimage"},"image":{"@id":"https:\/\/ioib.es\/es\/tac-3d-ortopantomografia-digital\/#primaryimage"},"thumbnailUrl":"https:\/\/ioib.es\/wp-content\/uploads\/2016\/12\/point-combi-500-185x300.jpg","datePublished":"2016-12-21T16:15:42+00:00","dateModified":"2016-12-21T16:16:50+00:00","breadcrumb":{"@id":"https:\/\/ioib.es\/es\/tac-3d-ortopantomografia-digital\/#breadcrumb"},"inLanguage":"es","potentialAction":[{"@type":"ReadAction","target":["https:\/\/ioib.es\/es\/tac-3d-ortopantomografia-digital\/"]}]},{"@type":"ImageObject","inLanguage":"es","@id":"https:\/\/ioib.es\/es\/tac-3d-ortopantomografia-digital\/#primaryimage","url":"https:\/\/ioib.es\/wp-content\/uploads\/2016\/12\/point-combi-500-185x300.jpg","contentUrl":"https:\/\/ioib.es\/wp-content\/uploads\/2016\/12\/point-combi-500-185x300.jpg"},{"@type":"BreadcrumbList","@id":"https:\/\/ioib.es\/es\/tac-3d-ortopantomografia-digital\/#breadcrumb","itemListElement":[{"@type":"ListItem","position":1,"name":"Portada","item":"https:\/\/ioib.es\/es\/home\/"},{"@type":"ListItem","position":2,"name":"TAC 3D Y ORTOPANTOMOGRAF\u00cdA DIGITAL"}]},{"@type":"WebSite","@id":"https:\/\/ioib.es\/es\/#website","url":"https:\/\/ioib.es\/es\/","name":"Instituto Odontolog\u00eda Integral Barcelona. Cl\u00ednica Drs. Padull\u00e9s","description":"Cl\u00ednica Dental Barcelona","potentialAction":[{"@type":"SearchAction","target":{"@type":"EntryPoint","urlTemplate":"https:\/\/ioib.es\/es\/?s={search_term_string}"},"query-input":{"@type":"PropertyValueSpecification","valueRequired":true,"valueName":"search_term_string"}}],"inLanguage":"es"}]}},"_links":{"self":[{"href":"https:\/\/ioib.es\/es\/wp-json\/wp\/v2\/pages\/770","targetHints":{"allow":["GET"]}}],"collection":[{"href":"https:\/\/ioib.es\/es\/wp-json\/wp\/v2\/pages"}],"about":[{"href":"https:\/\/ioib.es\/es\/wp-json\/wp\/v2\/types\/page"}],"author":[{"embeddable":true,"href":"https:\/\/ioib.es\/es\/wp-json\/wp\/v2\/users\/2"}],"replies":[{"embeddable":true,"href":"https:\/\/ioib.es\/es\/wp-json\/wp\/v2\/comments?post=770"}],"version-history":[{"count":0,"href":"https:\/\/ioib.es\/es\/wp-json\/wp\/v2\/pages\/770\/revisions"}],"wp:attachment":[{"href":"https:\/\/ioib.es\/es\/wp-json\/wp\/v2\/media?parent=770"}],"curies":[{"name":"wp","href":"https:\/\/api.w.org\/{rel}","templated":true}]}}