{"id":78,"date":"2016-02-23T19:23:56","date_gmt":"2016-02-23T19:23:56","guid":{"rendered":"https:\/\/ioib.es\/?page_id=78"},"modified":"2016-03-11T11:56:05","modified_gmt":"2016-03-11T11:56:05","slug":"diseno-de-sonrisa","status":"publish","type":"page","link":"https:\/\/ioib.es\/es\/tratamientos\/estetica\/diseno-de-sonrisa\/","title":{"rendered":"Dise\u00f1o de sonrisa"},"content":{"rendered":"<p><span style=\"font-weight: 400;\">En IOIB contamos con la m\u00e1s avanzada tecnolog\u00eda digital para dise\u00f1ar, planificar y confeccionar una nueva sonrisa ideal y personalizada, seg\u00fan las caracter\u00edsticas individuales de cada paciente. Desde dientes individuales, a frentes anteriores completos.<\/span><\/p>","protected":false},"excerpt":{"rendered":"<p>En IOIB contamos con la m\u00e1s avanzada tecnolog\u00eda digital para dise\u00f1ar, planificar y confeccionar una nueva sonrisa ideal y personalizada, seg\u00fan las caracter\u00edsticas individuales de cada paciente. Desde dientes individuales, a frentes anteriores completos.<\/p>\n","protected":false},"author":2,"featured_media":0,"parent":77,"menu_order":0,"comment_status":"closed","ping_status":"closed","template":"","meta":{"footnotes":""},"class_list":["post-78","page","type-page","status-publish","hentry"],"yoast_head":"<!-- This site is optimized with the Yoast SEO plugin v25.5 - https:\/\/yoast.com\/wordpress\/plugins\/seo\/ -->\n<title>Dise\u00f1o de sonrisa - Instituto Odontolog\u00eda Integral Barcelona. Cl\u00ednica Drs. Padull\u00e9s<\/title>\n<meta name=\"robots\" content=\"index, follow, max-snippet:-1, max-image-preview:large, max-video-preview:-1\" \/>\n<link rel=\"canonical\" href=\"https:\/\/ioib.es\/es\/tratamientos\/estetica\/diseno-de-sonrisa\/\" \/>\n<meta property=\"og:locale\" content=\"es_ES\" \/>\n<meta property=\"og:type\" content=\"article\" \/>\n<meta property=\"og:title\" content=\"Dise\u00f1o de sonrisa - Instituto Odontolog\u00eda Integral Barcelona. Cl\u00ednica Drs. Padull\u00e9s\" \/>\n<meta property=\"og:description\" content=\"En IOIB contamos con la m\u00e1s avanzada tecnolog\u00eda digital para dise\u00f1ar, planificar y confeccionar una nueva sonrisa ideal y personalizada, seg\u00fan las caracter\u00edsticas individuales de cada paciente. Desde dientes individuales, a frentes anteriores completos.\" \/>\n<meta property=\"og:url\" content=\"https:\/\/ioib.es\/es\/tratamientos\/estetica\/diseno-de-sonrisa\/\" \/>\n<meta property=\"og:site_name\" content=\"Instituto Odontolog\u00eda Integral Barcelona. Cl\u00ednica Drs. Padull\u00e9s\" \/>\n<meta property=\"article:modified_time\" content=\"2016-03-11T11:56:05+00:00\" \/>\n<meta name=\"twitter:card\" content=\"summary_large_image\" \/>\n<script type=\"application\/ld+json\" class=\"yoast-schema-graph\">{\"@context\":\"https:\/\/schema.org\",\"@graph\":[{\"@type\":\"WebPage\",\"@id\":\"https:\/\/ioib.es\/es\/tratamientos\/estetica\/diseno-de-sonrisa\/\",\"url\":\"https:\/\/ioib.es\/es\/tratamientos\/estetica\/diseno-de-sonrisa\/\",\"name\":\"Dise\u00f1o de sonrisa - Instituto Odontolog\u00eda Integral Barcelona. Cl\u00ednica Drs. Padull\u00e9s\",\"isPartOf\":{\"@id\":\"https:\/\/ioib.es\/es\/#website\"},\"datePublished\":\"2016-02-23T19:23:56+00:00\",\"dateModified\":\"2016-03-11T11:56:05+00:00\",\"breadcrumb\":{\"@id\":\"https:\/\/ioib.es\/es\/tratamientos\/estetica\/diseno-de-sonrisa\/#breadcrumb\"},\"inLanguage\":\"es\",\"potentialAction\":[{\"@type\":\"ReadAction\",\"target\":[\"https:\/\/ioib.es\/es\/tratamientos\/estetica\/diseno-de-sonrisa\/\"]}]},{\"@type\":\"BreadcrumbList\",\"@id\":\"https:\/\/ioib.es\/es\/tratamientos\/estetica\/diseno-de-sonrisa\/#breadcrumb\",\"itemListElement\":[{\"@type\":\"ListItem\",\"position\":1,\"name\":\"Portada\",\"item\":\"https:\/\/ioib.es\/es\/home\/\"},{\"@type\":\"ListItem\",\"position\":2,\"name\":\"Tratamientos dentales integrales\",\"item\":\"https:\/\/ioib.es\/es\/tratamientos\/\"},{\"@type\":\"ListItem\",\"position\":3,\"name\":\"Estetica dental\",\"item\":\"https:\/\/ioib.es\/es\/tratamientos\/estetica\/\"},{\"@type\":\"ListItem\",\"position\":4,\"name\":\"Dise\u00f1o de sonrisa\"}]},{\"@type\":\"WebSite\",\"@id\":\"https:\/\/ioib.es\/es\/#website\",\"url\":\"https:\/\/ioib.es\/es\/\",\"name\":\"Instituto Odontolog\u00eda Integral Barcelona. Cl\u00ednica Drs. Padull\u00e9s\",\"description\":\"Cl\u00ednica Dental Barcelona\",\"potentialAction\":[{\"@type\":\"SearchAction\",\"target\":{\"@type\":\"EntryPoint\",\"urlTemplate\":\"https:\/\/ioib.es\/es\/?s={search_term_string}\"},\"query-input\":{\"@type\":\"PropertyValueSpecification\",\"valueRequired\":true,\"valueName\":\"search_term_string\"}}],\"inLanguage\":\"es\"}]}<\/script>\n<!-- \/ Yoast SEO plugin. -->","yoast_head_json":{"title":"Dise\u00f1o de sonrisa - Instituto Odontolog\u00eda Integral Barcelona. Cl\u00ednica Drs. Padull\u00e9s","robots":{"index":"index","follow":"follow","max-snippet":"max-snippet:-1","max-image-preview":"max-image-preview:large","max-video-preview":"max-video-preview:-1"},"canonical":"https:\/\/ioib.es\/es\/tratamientos\/estetica\/diseno-de-sonrisa\/","og_locale":"es_ES","og_type":"article","og_title":"Dise\u00f1o de sonrisa - Instituto Odontolog\u00eda Integral Barcelona. Cl\u00ednica Drs. Padull\u00e9s","og_description":"En IOIB contamos con la m\u00e1s avanzada tecnolog\u00eda digital para dise\u00f1ar, planificar y confeccionar una nueva sonrisa ideal y personalizada, seg\u00fan las caracter\u00edsticas individuales de cada paciente. Desde dientes individuales, a frentes anteriores completos.","og_url":"https:\/\/ioib.es\/es\/tratamientos\/estetica\/diseno-de-sonrisa\/","og_site_name":"Instituto Odontolog\u00eda Integral Barcelona. Cl\u00ednica Drs. Padull\u00e9s","article_modified_time":"2016-03-11T11:56:05+00:00","twitter_card":"summary_large_image","schema":{"@context":"https:\/\/schema.org","@graph":[{"@type":"WebPage","@id":"https:\/\/ioib.es\/es\/tratamientos\/estetica\/diseno-de-sonrisa\/","url":"https:\/\/ioib.es\/es\/tratamientos\/estetica\/diseno-de-sonrisa\/","name":"Dise\u00f1o de sonrisa - Instituto Odontolog\u00eda Integral Barcelona. Cl\u00ednica Drs. Padull\u00e9s","isPartOf":{"@id":"https:\/\/ioib.es\/es\/#website"},"datePublished":"2016-02-23T19:23:56+00:00","dateModified":"2016-03-11T11:56:05+00:00","breadcrumb":{"@id":"https:\/\/ioib.es\/es\/tratamientos\/estetica\/diseno-de-sonrisa\/#breadcrumb"},"inLanguage":"es","potentialAction":[{"@type":"ReadAction","target":["https:\/\/ioib.es\/es\/tratamientos\/estetica\/diseno-de-sonrisa\/"]}]},{"@type":"BreadcrumbList","@id":"https:\/\/ioib.es\/es\/tratamientos\/estetica\/diseno-de-sonrisa\/#breadcrumb","itemListElement":[{"@type":"ListItem","position":1,"name":"Portada","item":"https:\/\/ioib.es\/es\/home\/"},{"@type":"ListItem","position":2,"name":"Tratamientos dentales integrales","item":"https:\/\/ioib.es\/es\/tratamientos\/"},{"@type":"ListItem","position":3,"name":"Estetica dental","item":"https:\/\/ioib.es\/es\/tratamientos\/estetica\/"},{"@type":"ListItem","position":4,"name":"Dise\u00f1o de sonrisa"}]},{"@type":"WebSite","@id":"https:\/\/ioib.es\/es\/#website","url":"https:\/\/ioib.es\/es\/","name":"Instituto Odontolog\u00eda Integral Barcelona. Cl\u00ednica Drs. Padull\u00e9s","description":"Cl\u00ednica Dental Barcelona","potentialAction":[{"@type":"SearchAction","target":{"@type":"EntryPoint","urlTemplate":"https:\/\/ioib.es\/es\/?s={search_term_string}"},"query-input":{"@type":"PropertyValueSpecification","valueRequired":true,"valueName":"search_term_string"}}],"inLanguage":"es"}]}},"_links":{"self":[{"href":"https:\/\/ioib.es\/es\/wp-json\/wp\/v2\/pages\/78","targetHints":{"allow":["GET"]}}],"collection":[{"href":"https:\/\/ioib.es\/es\/wp-json\/wp\/v2\/pages"}],"about":[{"href":"https:\/\/ioib.es\/es\/wp-json\/wp\/v2\/types\/page"}],"author":[{"embeddable":true,"href":"https:\/\/ioib.es\/es\/wp-json\/wp\/v2\/users\/2"}],"replies":[{"embeddable":true,"href":"https:\/\/ioib.es\/es\/wp-json\/wp\/v2\/comments?post=78"}],"version-history":[{"count":0,"href":"https:\/\/ioib.es\/es\/wp-json\/wp\/v2\/pages\/78\/revisions"}],"up":[{"embeddable":true,"href":"https:\/\/ioib.es\/es\/wp-json\/wp\/v2\/pages\/77"}],"wp:attachment":[{"href":"https:\/\/ioib.es\/es\/wp-json\/wp\/v2\/media?parent=78"}],"curies":[{"name":"wp","href":"https:\/\/api.w.org\/{rel}","templated":true}]}}