{"id":963,"date":"2022-04-28T15:10:17","date_gmt":"2022-04-28T15:10:17","guid":{"rendered":"https:\/\/ioib.es\/?page_id=963"},"modified":"2022-04-28T15:35:49","modified_gmt":"2022-04-28T15:35:49","slug":"politica-de-privacidad-2","status":"publish","type":"page","link":"https:\/\/ioib.es\/es\/politica-de-privacidad-2\/","title":{"rendered":"Pol\u00edtica de privacidad"},"content":{"rendered":"\n<p>En cumplimiento de lo dispuesto en el Reglamento (UE) 2016\/679 del Parlamento Europeo y del Consejo de 27 de abril de 2016 relativo a la protecci\u00f3n de las personas f\u00edsicas en lo que respecta a tratamiento de datos personales y a la libre circulaci\u00f3n de \u00e9stos datos, as\u00ed como en el resto de normativa vigente en materia de protecci\u00f3n de datos, el PROPIETARIO DE LA WEB le informa de lo siguiente:<\/p>\n\n\n\n<p><strong>\u00bfQui\u00e9n es el responsable del tratamiento de sus datos?<\/strong><\/p>\n\n\n\n<p>El responsable del tratamiento es el PROPIETARIO DE LA WEB cuyos datos identificativos se encuentran en el punto 1 del AVISO LEGAL.<\/p>\n\n\n\n<p><strong>\u00bfCon que finalidad tratamos sus datos personales?<\/strong><\/p>\n\n\n\n<p>El PROPIETARIO DE LA WEB tratar\u00e1 la informaci\u00f3n que facilite el usuario a trav\u00e9s del Sitio Web con el fin de gestionar la prestaci\u00f3n de los servicios solicitados y la gesti\u00f3n administrativa derivada de los mismos, as\u00ed como remitir peri\u00f3dicamente newsletters, comunicaciones comerciales sobre servicios, eventos y noticias relacionadas con la actividad profesional del PROPIETARIO DE LA WEB cuando el usuario lo autorice, y para valorar la candidatura del usuario en el caso de que se recojan curriculums a trav\u00e9s de la web.<\/p>\n\n\n\n<p><strong>\u00bfDurante cu\u00e1nto tiempo se conservar\u00e1n sus datos?<\/strong><\/p>\n\n\n\n<p>Los datos personales se conservar\u00e1n mientras el usuario no solicite la supresi\u00f3n de los mismos y, en todo caso, durante los a\u00f1os necesarios para cumplir las obligaciones legales que establezca la normativa vigente, o para hacer frente a las posibles responsabilidades que pudiesen surgir.<\/p>\n\n\n\n<p><strong>\u00bfCu\u00e1l es la legitimaci\u00f3n para el tratamiento de sus datos?<\/strong><\/p>\n\n\n\n<p>La legitimaci\u00f3n del PROPIETARIO DE LA WEB para llevar a cabo el tratamiento de los datos de los usuarios se basa en el consentimiento del interesado.&nbsp;<\/p>\n\n\n\n<p><strong>\u00bfA qu\u00e9 destinatarios se comunicar\u00e1n sus datos?<\/strong><\/p>\n\n\n\n<p>Con car\u00e1cter general los datos no ser\u00e1n cedidos a terceros, salvo que lo establezca la legislaci\u00f3n vigente.<\/p>\n\n\n\n<p><strong>\u00bfCu\u00e1les son los derechos del usuario?<\/strong><\/p>\n\n\n\n<p>El usuario tiene derecho a obtener confirmaci\u00f3n sobre si el PROPIETARIO DE LA WEB est\u00e1 tratando datos personales que le conciernan o no. Tienen derecho a acceder a sus datos personales, as\u00ed como a solicitar la rectificaci\u00f3n de los datos inexactos o, en su caso, solicitar la supresi\u00f3n cuando, entre otros motivos, los datos ya no sean necesarios para los fines que motivaron su recogida. En determinadas circunstancias el usuario podr\u00e1 solicitar la limitaci\u00f3n del tratamiento de sus datos personales, en cuyo caso \u00fanicamente se conservaran bloqueados para el ejercicio o la defensa en reclamaciones. En determinadas circunstancias y por motivos relacionados con su situaci\u00f3n particular, los usuarios podr\u00e1n oponerse al tratamiento de sus datos, en cuyo caso el PROPIETARIO DE LA WEB dejar\u00e1 de tratar sus datos, salvo por motivos leg\u00edtimos imperiosos, o el ejercicio o defensa de posibles reclamaciones. Adem\u00e1s de los derechos anteriores, el usuario tambi\u00e9n tendr\u00e1 el derecho a retirar el consentimiento y el derecho a presentar una reclamaci\u00f3n ante la Autoridad de Control. Dispone de la informaci\u00f3n necesaria en <a href=\"http:\/\/www.agpd.es\">www.agpd.es<\/a>. Podr\u00e1 ejercitar materialmente sus derechos aportando copia de su DNI o documento oficial que le identifique, mediante el env\u00edo de un mail o por correo postal dirigi\u00e9ndose al PROPIETARIO DE LA WEB, cuyos datos identificativos se encuentran en el punto 1 del AVISO LEGAL.<\/p>\n\n\n\n<p><strong>\u00bfQu\u00e9 medidas de seguridad implantamos para proteger sus datos?<\/strong><\/p>\n\n\n\n<p>El PROPIETARIO DE LA WEB tratar\u00e1 los datos del Usuario en todo momento de forma absolutamente confidencial y guardando el preceptivo deber de secreto respecto de los mismos, de conformidad con lo previsto en la normativa de aplicaci\u00f3n, adoptando al efecto las medidas de \u00edndole t\u00e9cnica y organizativas necesarias que garanticen la seguridad de sus datos y eviten su alteraci\u00f3n, p\u00e9rdida, tratamiento o acceso no autorizado, habida cuenta del estado de la tecnolog\u00eda, la naturaleza de los datos almacenados y los riesgos a que est\u00e1n expuestos.<\/p>\n","protected":false},"excerpt":{"rendered":"<p>En cumplimiento de lo dispuesto en el Reglamento (UE) 2016\/679 del Parlamento Europeo y del Consejo de 27 de abril de 2016 relativo a la protecci\u00f3n de las personas f\u00edsicas en lo que respecta a tratamiento de datos personales y a la libre circulaci\u00f3n de \u00e9stos datos, as\u00ed como en el resto de normativa vigente [&hellip;]<\/p>\n","protected":false},"author":2,"featured_media":0,"parent":0,"menu_order":0,"comment_status":"closed","ping_status":"closed","template":"","meta":{"footnotes":""},"class_list":["post-963","page","type-page","status-publish","hentry"],"yoast_head":"<!-- This site is optimized with the Yoast SEO plugin v25.5 - https:\/\/yoast.com\/wordpress\/plugins\/seo\/ -->\n<title>Pol\u00edtica de privacidad - Instituto Odontolog\u00eda Integral Barcelona. Cl\u00ednica Drs. Padull\u00e9s<\/title>\n<meta name=\"robots\" content=\"index, follow, max-snippet:-1, max-image-preview:large, max-video-preview:-1\" \/>\n<link rel=\"canonical\" href=\"https:\/\/ioib.es\/es\/politica-de-privacidad-2\/\" \/>\n<meta property=\"og:locale\" content=\"es_ES\" \/>\n<meta property=\"og:type\" content=\"article\" \/>\n<meta property=\"og:title\" content=\"Pol\u00edtica de privacidad - Instituto Odontolog\u00eda Integral Barcelona. Cl\u00ednica Drs. Padull\u00e9s\" \/>\n<meta property=\"og:description\" content=\"En cumplimiento de lo dispuesto en el Reglamento (UE) 2016\/679 del Parlamento Europeo y del Consejo de 27 de abril de 2016 relativo a la protecci\u00f3n de las personas f\u00edsicas en lo que respecta a tratamiento de datos personales y a la libre circulaci\u00f3n de \u00e9stos datos, as\u00ed como en el resto de normativa vigente [&hellip;]\" \/>\n<meta property=\"og:url\" content=\"https:\/\/ioib.es\/es\/politica-de-privacidad-2\/\" \/>\n<meta property=\"og:site_name\" content=\"Instituto Odontolog\u00eda Integral Barcelona. Cl\u00ednica Drs. Padull\u00e9s\" \/>\n<meta property=\"article:modified_time\" content=\"2022-04-28T15:35:49+00:00\" \/>\n<meta name=\"twitter:card\" content=\"summary_large_image\" \/>\n<meta name=\"twitter:label1\" content=\"Tiempo de lectura\" \/>\n\t<meta name=\"twitter:data1\" content=\"3 minutos\" \/>\n<script type=\"application\/ld+json\" class=\"yoast-schema-graph\">{\"@context\":\"https:\/\/schema.org\",\"@graph\":[{\"@type\":\"WebPage\",\"@id\":\"https:\/\/ioib.es\/es\/politica-de-privacidad-2\/\",\"url\":\"https:\/\/ioib.es\/es\/politica-de-privacidad-2\/\",\"name\":\"Pol\u00edtica de privacidad - Instituto Odontolog\u00eda Integral Barcelona. Cl\u00ednica Drs. Padull\u00e9s\",\"isPartOf\":{\"@id\":\"https:\/\/ioib.es\/es\/#website\"},\"datePublished\":\"2022-04-28T15:10:17+00:00\",\"dateModified\":\"2022-04-28T15:35:49+00:00\",\"breadcrumb\":{\"@id\":\"https:\/\/ioib.es\/es\/politica-de-privacidad-2\/#breadcrumb\"},\"inLanguage\":\"es\",\"potentialAction\":[{\"@type\":\"ReadAction\",\"target\":[\"https:\/\/ioib.es\/es\/politica-de-privacidad-2\/\"]}]},{\"@type\":\"BreadcrumbList\",\"@id\":\"https:\/\/ioib.es\/es\/politica-de-privacidad-2\/#breadcrumb\",\"itemListElement\":[{\"@type\":\"ListItem\",\"position\":1,\"name\":\"Portada\",\"item\":\"https:\/\/ioib.es\/es\/home\/\"},{\"@type\":\"ListItem\",\"position\":2,\"name\":\"Pol\u00edtica de privacidad\"}]},{\"@type\":\"WebSite\",\"@id\":\"https:\/\/ioib.es\/es\/#website\",\"url\":\"https:\/\/ioib.es\/es\/\",\"name\":\"Instituto Odontolog\u00eda Integral Barcelona. Cl\u00ednica Drs. Padull\u00e9s\",\"description\":\"Cl\u00ednica Dental Barcelona\",\"potentialAction\":[{\"@type\":\"SearchAction\",\"target\":{\"@type\":\"EntryPoint\",\"urlTemplate\":\"https:\/\/ioib.es\/es\/?s={search_term_string}\"},\"query-input\":{\"@type\":\"PropertyValueSpecification\",\"valueRequired\":true,\"valueName\":\"search_term_string\"}}],\"inLanguage\":\"es\"}]}<\/script>\n<!-- \/ Yoast SEO plugin. -->","yoast_head_json":{"title":"Pol\u00edtica de privacidad - Instituto Odontolog\u00eda Integral Barcelona. Cl\u00ednica Drs. Padull\u00e9s","robots":{"index":"index","follow":"follow","max-snippet":"max-snippet:-1","max-image-preview":"max-image-preview:large","max-video-preview":"max-video-preview:-1"},"canonical":"https:\/\/ioib.es\/es\/politica-de-privacidad-2\/","og_locale":"es_ES","og_type":"article","og_title":"Pol\u00edtica de privacidad - Instituto Odontolog\u00eda Integral Barcelona. Cl\u00ednica Drs. Padull\u00e9s","og_description":"En cumplimiento de lo dispuesto en el Reglamento (UE) 2016\/679 del Parlamento Europeo y del Consejo de 27 de abril de 2016 relativo a la protecci\u00f3n de las personas f\u00edsicas en lo que respecta a tratamiento de datos personales y a la libre circulaci\u00f3n de \u00e9stos datos, as\u00ed como en el resto de normativa vigente [&hellip;]","og_url":"https:\/\/ioib.es\/es\/politica-de-privacidad-2\/","og_site_name":"Instituto Odontolog\u00eda Integral Barcelona. Cl\u00ednica Drs. Padull\u00e9s","article_modified_time":"2022-04-28T15:35:49+00:00","twitter_card":"summary_large_image","twitter_misc":{"Tiempo de lectura":"3 minutos"},"schema":{"@context":"https:\/\/schema.org","@graph":[{"@type":"WebPage","@id":"https:\/\/ioib.es\/es\/politica-de-privacidad-2\/","url":"https:\/\/ioib.es\/es\/politica-de-privacidad-2\/","name":"Pol\u00edtica de privacidad - Instituto Odontolog\u00eda Integral Barcelona. Cl\u00ednica Drs. Padull\u00e9s","isPartOf":{"@id":"https:\/\/ioib.es\/es\/#website"},"datePublished":"2022-04-28T15:10:17+00:00","dateModified":"2022-04-28T15:35:49+00:00","breadcrumb":{"@id":"https:\/\/ioib.es\/es\/politica-de-privacidad-2\/#breadcrumb"},"inLanguage":"es","potentialAction":[{"@type":"ReadAction","target":["https:\/\/ioib.es\/es\/politica-de-privacidad-2\/"]}]},{"@type":"BreadcrumbList","@id":"https:\/\/ioib.es\/es\/politica-de-privacidad-2\/#breadcrumb","itemListElement":[{"@type":"ListItem","position":1,"name":"Portada","item":"https:\/\/ioib.es\/es\/home\/"},{"@type":"ListItem","position":2,"name":"Pol\u00edtica de privacidad"}]},{"@type":"WebSite","@id":"https:\/\/ioib.es\/es\/#website","url":"https:\/\/ioib.es\/es\/","name":"Instituto Odontolog\u00eda Integral Barcelona. Cl\u00ednica Drs. Padull\u00e9s","description":"Cl\u00ednica Dental Barcelona","potentialAction":[{"@type":"SearchAction","target":{"@type":"EntryPoint","urlTemplate":"https:\/\/ioib.es\/es\/?s={search_term_string}"},"query-input":{"@type":"PropertyValueSpecification","valueRequired":true,"valueName":"search_term_string"}}],"inLanguage":"es"}]}},"_links":{"self":[{"href":"https:\/\/ioib.es\/es\/wp-json\/wp\/v2\/pages\/963","targetHints":{"allow":["GET"]}}],"collection":[{"href":"https:\/\/ioib.es\/es\/wp-json\/wp\/v2\/pages"}],"about":[{"href":"https:\/\/ioib.es\/es\/wp-json\/wp\/v2\/types\/page"}],"author":[{"embeddable":true,"href":"https:\/\/ioib.es\/es\/wp-json\/wp\/v2\/users\/2"}],"replies":[{"embeddable":true,"href":"https:\/\/ioib.es\/es\/wp-json\/wp\/v2\/comments?post=963"}],"version-history":[{"count":0,"href":"https:\/\/ioib.es\/es\/wp-json\/wp\/v2\/pages\/963\/revisions"}],"wp:attachment":[{"href":"https:\/\/ioib.es\/es\/wp-json\/wp\/v2\/media?parent=963"}],"curies":[{"name":"wp","href":"https:\/\/api.w.org\/{rel}","templated":true}]}}